{"id":815,"date":"2025-04-10T15:10:07","date_gmt":"2025-04-10T15:10:07","guid":{"rendered":"https:\/\/cotes-orbe.ch\/?page_id=815"},"modified":"2025-04-19T08:07:08","modified_gmt":"2025-04-19T08:07:08","slug":"chateau-de-valeyres","status":"publish","type":"page","link":"https:\/\/cotes-orbe.ch\/de\/chateau-de-valeyres\/","title":{"rendered":"Schloss Valeyres"},"content":{"rendered":"<div data-elementor-type=\"wp-page\" data-elementor-id=\"815\" class=\"elementor elementor-815\" data-elementor-post-type=\"page\">\n\t\t\t\t<div class=\"elementor-element elementor-element-360ccb2 e-con-full e-flex e-con e-parent\" data-id=\"360ccb2\" data-element_type=\"container\" data-e-type=\"container\" data-settings=\"{&quot;background_background&quot;:&quot;classic&quot;,&quot;shape_divider_bottom&quot;:&quot;waves&quot;,&quot;ekit_has_onepagescroll_dot&quot;:&quot;yes&quot;}\">\n\t\t\t\t<div class=\"elementor-shape elementor-shape-bottom\" aria-hidden=\"true\" data-negative=\"false\">\n\t\t\t<svg xmlns=\"http:\/\/www.w3.org\/2000\/svg\" viewbox=\"0 0 1000 100\" preserveaspectratio=\"none\">\n\t<path class=\"elementor-shape-fill\" d=\"M421.9,6.5c22.6-2.5,51.5,0.4,75.5,5.3c23.6,4.9,70.9,23.5,100.5,35.7c75.8,32.2,133.7,44.5,192.6,49.7\tc23.6,2.1,48.7,3.5,103.4-2.5c54.7-6,106.2-25.6,106.2-25.6V0H0v30.3c0,0,72,32.6,158.4,30.5c39.2-0.7,92.8-6.7,134-22.4\tc21.2-8.1,52.2-18.2,79.7-24.2C399.3,7.9,411.6,7.5,421.9,6.5z\"\/>\n<\/svg>\t\t<\/div>\n\t\t\t\t<div class=\"elementor-element elementor-element-28a89bf elementor-widget elementor-widget-heading\" data-id=\"28a89bf\" data-element_type=\"widget\" data-e-type=\"widget\" data-settings=\"{&quot;ekit_we_effect_on&quot;:&quot;none&quot;}\" data-widget_type=\"heading.default\">\n\t\t\t\t<div class=\"elementor-widget-container\">\n\t\t\t\t\t<h1 class=\"elementor-heading-title elementor-size-default\">Schloss Valeyres<\/h1>\t\t\t\t<\/div>\n\t\t\t\t<\/div>\n\t\t\t\t<\/div>\n\t\t<div class=\"elementor-element elementor-element-515d380 e-flex e-con-boxed e-con e-parent\" data-id=\"515d380\" data-element_type=\"container\" data-e-type=\"container\" data-settings=\"{&quot;background_background&quot;:&quot;classic&quot;,&quot;ekit_has_onepagescroll_dot&quot;:&quot;yes&quot;}\">\n\t\t\t\t\t<div class=\"e-con-inner\">\n\t\t\t\t<div class=\"elementor-element elementor-element-42b215e elementor-widget elementor-widget-text-editor\" data-id=\"42b215e\" data-element_type=\"widget\" data-e-type=\"widget\" data-settings=\"{&quot;ekit_we_effect_on&quot;:&quot;none&quot;}\" data-widget_type=\"text-editor.default\">\n\t\t\t\t<div class=\"elementor-widget-container\">\n\t\t\t\t\t\t\t\t\t<p>Benjamin ist seit 1945 in der 3. Morel-Generation auf Ch\u00e2teau de Valeyres t\u00e4tig und respektiert das Erbe seiner Vorfahren. Die Philosophie ist klar: authentische Weine zu produzieren, die dieses gro\u00dfartige Terroir der C\u00f4tes-de-l&#039;Orbe zum Ausdruck bringen.<\/p><p>An seiner Seite Fr\u00e9d\u00e9ric Hostettler und zwei Winzerkollegen. Es entsteht eine sehr sch\u00f6ne Synergie zum qualitativen Nutzen der Weine.<\/p>\t\t\t\t\t\t\t\t<\/div>\n\t\t\t\t<\/div>\n\t\t\t\t\t<\/div>\n\t\t\t\t<\/div>\n\t\t<div class=\"elementor-element elementor-element-2dfc654 e-flex e-con-boxed e-con e-parent\" data-id=\"2dfc654\" data-element_type=\"container\" data-e-type=\"container\" data-settings=\"{&quot;ekit_has_onepagescroll_dot&quot;:&quot;yes&quot;}\">\n\t\t\t\t\t<div class=\"e-con-inner\">\n\t\t<div class=\"elementor-element elementor-element-98dfe23 e-con-full e-flex e-con e-child\" data-id=\"98dfe23\" data-element_type=\"container\" data-e-type=\"container\" data-settings=\"{&quot;ekit_has_onepagescroll_dot&quot;:&quot;yes&quot;}\">\n\t\t\t\t<div class=\"elementor-element elementor-element-8b69352 elementor-widget elementor-widget-image\" data-id=\"8b69352\" data-element_type=\"widget\" data-e-type=\"widget\" data-settings=\"{&quot;ekit_we_effect_on&quot;:&quot;none&quot;}\" data-widget_type=\"image.default\">\n\t\t\t\t<div class=\"elementor-widget-container\">\n\t\t\t\t\t\t\t\t\t\t\t\t\t\t\t<img fetchpriority=\"high\" decoding=\"async\" width=\"649\" height=\"433\" src=\"https:\/\/cotes-orbe.ch\/wp-content\/uploads\/2025\/04\/Portraits-Morel-Valeyres.jpg\" class=\"attachment-large size-large wp-image-819\" alt=\"\" srcset=\"https:\/\/cotes-orbe.ch\/wp-content\/uploads\/2025\/04\/Portraits-Morel-Valeyres.jpg 649w, https:\/\/cotes-orbe.ch\/wp-content\/uploads\/2025\/04\/Portraits-Morel-Valeyres-300x200.jpg 300w\" sizes=\"(max-width: 649px) 100vw, 649px\" \/>\t\t\t\t\t\t\t\t\t\t\t\t\t\t\t<\/div>\n\t\t\t\t<\/div>\n\t\t\t\t<div class=\"elementor-element elementor-element-5eeb9dc elementor-widget elementor-widget-heading\" data-id=\"5eeb9dc\" data-element_type=\"widget\" data-e-type=\"widget\" data-settings=\"{&quot;ekit_we_effect_on&quot;:&quot;none&quot;}\" data-widget_type=\"heading.default\">\n\t\t\t\t<div class=\"elementor-widget-container\">\n\t\t\t\t\t<h2 class=\"elementor-heading-title elementor-size-default\">Benjamin Morel<\/h2>\t\t\t\t<\/div>\n\t\t\t\t<\/div>\n\t\t\t\t<div class=\"elementor-element elementor-element-d3ba650 elementor-widget elementor-widget-heading\" data-id=\"d3ba650\" data-element_type=\"widget\" data-e-type=\"widget\" data-settings=\"{&quot;ekit_we_effect_on&quot;:&quot;none&quot;}\" data-widget_type=\"heading.default\">\n\t\t\t\t<div class=\"elementor-widget-container\">\n\t\t\t\t\t<p class=\"elementor-heading-title elementor-size-default\">Winzer und Kellermeister<\/p>\t\t\t\t<\/div>\n\t\t\t\t<\/div>\n\t\t\t\t<div class=\"elementor-element elementor-element-75e300c elementor-widget elementor-widget-image\" data-id=\"75e300c\" data-element_type=\"widget\" data-e-type=\"widget\" data-settings=\"{&quot;ekit_we_effect_on&quot;:&quot;none&quot;}\" data-widget_type=\"image.default\">\n\t\t\t\t<div class=\"elementor-widget-container\">\n\t\t\t\t\t\t\t\t\t\t\t\t\t\t\t<img decoding=\"async\" width=\"800\" height=\"450\" src=\"https:\/\/cotes-orbe.ch\/wp-content\/uploads\/2025\/04\/2020.jpg\" class=\"attachment-large size-large wp-image-817\" alt=\"\" srcset=\"https:\/\/cotes-orbe.ch\/wp-content\/uploads\/2025\/04\/2020.jpg 800w, https:\/\/cotes-orbe.ch\/wp-content\/uploads\/2025\/04\/2020-300x169.jpg 300w, https:\/\/cotes-orbe.ch\/wp-content\/uploads\/2025\/04\/2020-768x432.jpg 768w\" sizes=\"(max-width: 800px) 100vw, 800px\" \/>\t\t\t\t\t\t\t\t\t\t\t\t\t\t\t<\/div>\n\t\t\t\t<\/div>\n\t\t\t\t<div class=\"elementor-element elementor-element-70a4c87 elementor-widget elementor-widget-heading\" data-id=\"70a4c87\" data-element_type=\"widget\" data-e-type=\"widget\" data-settings=\"{&quot;ekit_we_effect_on&quot;:&quot;none&quot;}\" data-widget_type=\"heading.default\">\n\t\t\t\t<div class=\"elementor-widget-container\">\n\t\t\t\t\t<h6 class=\"elementor-heading-title elementor-size-default\">\u00d6ffnungszeiten<\/h6>\t\t\t\t<\/div>\n\t\t\t\t<\/div>\n\t\t\t\t<div class=\"elementor-element elementor-element-13fa1b2 elementor-widget elementor-widget-text-editor\" data-id=\"13fa1b2\" data-element_type=\"widget\" data-e-type=\"widget\" data-settings=\"{&quot;ekit_we_effect_on&quot;:&quot;none&quot;}\" data-widget_type=\"text-editor.default\">\n\t\t\t\t<div class=\"elementor-widget-container\">\n\t\t\t\t\t\t\t\t\t<p>Verkostung jeden Samstagvormittag 8:00 \u2013 12:30 Uhr.<\/p>\t\t\t\t\t\t\t\t<\/div>\n\t\t\t\t<\/div>\n\t\t\t\t<\/div>\n\t\t<div class=\"elementor-element elementor-element-2a7e0a9 e-con-full e-flex e-con e-child\" data-id=\"2a7e0a9\" data-element_type=\"container\" data-e-type=\"container\" data-settings=\"{&quot;ekit_has_onepagescroll_dot&quot;:&quot;yes&quot;}\">\n\t\t\t\t<div class=\"elementor-element elementor-element-2b0471a elementor-widget elementor-widget-image\" data-id=\"2b0471a\" data-element_type=\"widget\" data-e-type=\"widget\" data-settings=\"{&quot;ekit_we_effect_on&quot;:&quot;none&quot;}\" data-widget_type=\"image.default\">\n\t\t\t\t<div class=\"elementor-widget-container\">\n\t\t\t\t\t\t\t\t\t\t\t\t\t\t\t<img decoding=\"async\" width=\"130\" height=\"360\" src=\"https:\/\/cotes-orbe.ch\/wp-content\/uploads\/2025\/04\/morel-Hostettler_bouteille.png\" class=\"attachment-large size-large wp-image-818\" alt=\"\" srcset=\"https:\/\/cotes-orbe.ch\/wp-content\/uploads\/2025\/04\/morel-Hostettler_bouteille.png 130w, https:\/\/cotes-orbe.ch\/wp-content\/uploads\/2025\/04\/morel-Hostettler_bouteille-108x300.png 108w\" sizes=\"(max-width: 130px) 100vw, 130px\" \/>\t\t\t\t\t\t\t\t\t\t\t\t\t\t\t<\/div>\n\t\t\t\t<\/div>\n\t\t\t\t<div class=\"elementor-element elementor-element-0a2ab61 elementor-widget elementor-widget-heading\" data-id=\"0a2ab61\" data-element_type=\"widget\" data-e-type=\"widget\" data-settings=\"{&quot;ekit_we_effect_on&quot;:&quot;none&quot;}\" data-widget_type=\"heading.default\">\n\t\t\t\t<div class=\"elementor-widget-container\">\n\t\t\t\t\t<h3 class=\"elementor-heading-title elementor-size-default\">kultivierte Rebsorten<\/h3>\t\t\t\t<\/div>\n\t\t\t\t<\/div>\n\t\t\t\t<div class=\"elementor-element elementor-element-15828c6 elementor-widget elementor-widget-heading\" data-id=\"15828c6\" data-element_type=\"widget\" data-e-type=\"widget\" data-settings=\"{&quot;ekit_we_effect_on&quot;:&quot;none&quot;}\" data-widget_type=\"heading.default\">\n\t\t\t\t<div class=\"elementor-widget-container\">\n\t\t\t\t\t<p class=\"elementor-heading-title elementor-size-default\">Chasselas \u2013 Riesling x Sylvaner \u2013 Doral \u2013 Wei\u00dfburgunder \u2013 Chardonnay \u2013 Pinot \u2013 Gamay \u2013 Gamaret \u2013 Garanoir \u2013 Mara \u2013 Galotta \u2013 Merlot<\/p>\t\t\t\t<\/div>\n\t\t\t\t<\/div>\n\t\t\t\t<div class=\"elementor-element elementor-element-daf5a8f elementor-widget elementor-widget-heading\" data-id=\"daf5a8f\" data-element_type=\"widget\" data-e-type=\"widget\" data-settings=\"{&quot;ekit_we_effect_on&quot;:&quot;none&quot;}\" data-widget_type=\"heading.default\">\n\t\t\t\t<div class=\"elementor-widget-container\">\n\t\t\t\t\t<h4 class=\"elementor-heading-title elementor-size-default\">Weine angeboten<\/h4>\t\t\t\t<\/div>\n\t\t\t\t<\/div>\n\t\t\t\t<div class=\"elementor-element elementor-element-bff4186 elementor-widget elementor-widget-text-editor\" data-id=\"bff4186\" data-element_type=\"widget\" data-e-type=\"widget\" data-settings=\"{&quot;ekit_we_effect_on&quot;:&quot;none&quot;}\" data-widget_type=\"text-editor.default\">\n\t\t\t\t<div class=\"elementor-widget-container\">\n\t\t\t\t\t\t\t\t\t<p>Pr\u00e4ludium (Chasselas)<br \/>St-Jacques Reserve (Riseling x Sylvaner)<br \/>Doral<br \/>Baron Blanc (Wei\u00dfburgunder)<br \/>Opalin (Passerill\u00e9)<br \/>La Gavotte (Blaufr\u00e4nkisch Ros\u00e9)<br \/>Rebhuhnauge<br \/>Cuv\u00e9e Origine (Bachwein)<br \/>Cuv\u00e9e Charles David (Pinot-Gamay)<br \/>Cuv\u00e9e du Baron (Pinot Noir)<br \/>Le Courson (Gamaret und Garanoir)<br \/>Aus Gall\u00e9ra (Gamaret- und Garanoir-Fass)<br \/>Vertraulicher Chardonnay<br \/>Pinot Confidential<br \/>Gamay vertraulich<\/p>\t\t\t\t\t\t\t\t<\/div>\n\t\t\t\t<\/div>\n\t\t\t\t<\/div>\n\t\t\t\t\t<\/div>\n\t\t\t\t<\/div>\n\t\t<div class=\"elementor-element elementor-element-275b1c1 e-flex e-con-boxed e-con e-parent\" data-id=\"275b1c1\" data-element_type=\"container\" data-e-type=\"container\" data-settings=\"{&quot;ekit_has_onepagescroll_dot&quot;:&quot;yes&quot;}\">\n\t\t\t\t\t<div class=\"e-con-inner\">\n\t\t\t\t<div class=\"elementor-element elementor-element-212bc28 elementor-widget elementor-widget-text-editor\" data-id=\"212bc28\" data-element_type=\"widget\" data-e-type=\"widget\" data-settings=\"{&quot;ekit_we_effect_on&quot;:&quot;none&quot;}\" data-widget_type=\"text-editor.default\">\n\t\t\t\t<div class=\"elementor-widget-container\">\n\t\t\t\t\t\t\t\t\t<p>Stra\u00dfe: Das Schloss, Dorfstra\u00dfe 5<br \/>NPA, Ort: 1358 Valeyres-sous-Rances<\/p><p><br \/>Telefon: 024 441 07 01<br \/>Fax: 024 441 03 73<br \/>Handy: 079 658 26 14<br \/>E-Mail:\u00a0<a href=\"mailto:info@chateauvaleyres.ch\">info@chateauvaleyres.ch <\/a><\/p><p>Webseite:\u00a0<a href=\"http:\/\/www.chateauvaleyres.ch\/\" target=\"_blank\" rel=\"noopener noreferrer\">www.chateauvaleyres.ch<\/a><\/p>\t\t\t\t\t\t\t\t<\/div>\n\t\t\t\t<\/div>\n\t\t\t\t<div class=\"elementor-element elementor-element-838c4ba elementor-widget elementor-widget-google_maps\" data-id=\"838c4ba\" data-element_type=\"widget\" data-e-type=\"widget\" data-settings=\"{&quot;ekit_we_effect_on&quot;:&quot;none&quot;}\" data-widget_type=\"google_maps.default\">\n\t\t\t\t<div class=\"elementor-widget-container\">\n\t\t\t\t\t\t\t<div class=\"elementor-custom-embed\">\n\t\t\t<iframe loading=\"lazy\"\n\t\t\t\t\tsrc=\"https:\/\/maps.google.com\/maps?q=bejamin%20morel&#038;t=m&#038;z=15&#038;output=embed&#038;iwloc=near\"\n\t\t\t\t\ttitle=\"Benjamin Morel\"\n\t\t\t\t\taria-label=\"Benjamin Morel\"\n\t\t\t><\/iframe>\n\t\t<\/div>\n\t\t\t\t\t\t<\/div>\n\t\t\t\t<\/div>\n\t\t\t\t\t<\/div>\n\t\t\t\t<\/div>\n\t\t\t\t<\/div>","protected":false},"excerpt":{"rendered":"<p>ch\u00e2teau de valeyres 3\u00e8me g\u00e9n\u00e9ration des Morel depuis 1945 au Ch\u00e2teau de Valeyres, Benjamin respecte l&rsquo;h\u00e9ritage de ses a\u00efeux. La philosophie est claire: produire des vins authentiques exprimant ce mangifique terroir des C\u00f4tes-de-l&rsquo;Orbe. A ses c\u00f4t\u00e9s, Fr\u00e9d\u00e9ric Hostettler et deux coll\u00e8gues vignerons. Une tr\u00e8s belle synergie s&rsquo;exerce au b\u00e9n\u00e9fice qualitatif des vins. Benjamin Morel Vigneron [&hellip;]<\/p>\n","protected":false},"author":1,"featured_media":0,"parent":0,"menu_order":0,"comment_status":"closed","ping_status":"closed","template":"elementor_header_footer","meta":{"footnotes":""},"class_list":["post-815","page","type-page","status-publish","hentry"],"_links":{"self":[{"href":"https:\/\/cotes-orbe.ch\/de\/wp-json\/wp\/v2\/pages\/815","targetHints":{"allow":["GET"]}}],"collection":[{"href":"https:\/\/cotes-orbe.ch\/de\/wp-json\/wp\/v2\/pages"}],"about":[{"href":"https:\/\/cotes-orbe.ch\/de\/wp-json\/wp\/v2\/types\/page"}],"author":[{"embeddable":true,"href":"https:\/\/cotes-orbe.ch\/de\/wp-json\/wp\/v2\/users\/1"}],"replies":[{"embeddable":true,"href":"https:\/\/cotes-orbe.ch\/de\/wp-json\/wp\/v2\/comments?post=815"}],"version-history":[{"count":7,"href":"https:\/\/cotes-orbe.ch\/de\/wp-json\/wp\/v2\/pages\/815\/revisions"}],"predecessor-version":[{"id":971,"href":"https:\/\/cotes-orbe.ch\/de\/wp-json\/wp\/v2\/pages\/815\/revisions\/971"}],"wp:attachment":[{"href":"https:\/\/cotes-orbe.ch\/de\/wp-json\/wp\/v2\/media?parent=815"}],"curies":[{"name":"wp","href":"https:\/\/api.w.org\/{rel}","templated":true}]}}