{"id":779,"date":"2025-04-10T14:57:12","date_gmt":"2025-04-10T14:57:12","guid":{"rendered":"https:\/\/cotes-orbe.ch\/?page_id=779"},"modified":"2025-08-26T15:14:17","modified_gmt":"2025-08-26T15:14:17","slug":"domaine-du-moulin","status":"publish","type":"page","link":"https:\/\/cotes-orbe.ch\/de\/domaine-du-moulin\/","title":{"rendered":"Moulin Estate"},"content":{"rendered":"<div data-elementor-type=\"wp-page\" data-elementor-id=\"779\" class=\"elementor elementor-779\" data-elementor-post-type=\"page\">\n\t\t\t\t<div class=\"elementor-element elementor-element-360ccb2 e-con-full e-flex e-con e-parent\" data-id=\"360ccb2\" data-element_type=\"container\" data-e-type=\"container\" data-settings=\"{&quot;background_background&quot;:&quot;classic&quot;,&quot;shape_divider_bottom&quot;:&quot;waves&quot;,&quot;ekit_has_onepagescroll_dot&quot;:&quot;yes&quot;}\">\n\t\t\t\t<div class=\"elementor-shape elementor-shape-bottom\" aria-hidden=\"true\" data-negative=\"false\">\n\t\t\t<svg xmlns=\"http:\/\/www.w3.org\/2000\/svg\" viewbox=\"0 0 1000 100\" preserveaspectratio=\"none\">\n\t<path class=\"elementor-shape-fill\" d=\"M421.9,6.5c22.6-2.5,51.5,0.4,75.5,5.3c23.6,4.9,70.9,23.5,100.5,35.7c75.8,32.2,133.7,44.5,192.6,49.7\tc23.6,2.1,48.7,3.5,103.4-2.5c54.7-6,106.2-25.6,106.2-25.6V0H0v30.3c0,0,72,32.6,158.4,30.5c39.2-0.7,92.8-6.7,134-22.4\tc21.2-8.1,52.2-18.2,79.7-24.2C399.3,7.9,411.6,7.5,421.9,6.5z\"\/>\n<\/svg>\t\t<\/div>\n\t\t\t\t<div class=\"elementor-element elementor-element-28a89bf elementor-widget elementor-widget-heading\" data-id=\"28a89bf\" data-element_type=\"widget\" data-e-type=\"widget\" data-settings=\"{&quot;ekit_we_effect_on&quot;:&quot;none&quot;}\" data-widget_type=\"heading.default\">\n\t\t\t\t<div class=\"elementor-widget-container\">\n\t\t\t\t\t<h1 class=\"elementor-heading-title elementor-size-default\">M\u00fchlenanwesen<\/h1>\t\t\t\t<\/div>\n\t\t\t\t<\/div>\n\t\t\t\t<\/div>\n\t\t<div class=\"elementor-element elementor-element-515d380 e-flex e-con-boxed e-con e-parent\" data-id=\"515d380\" data-element_type=\"container\" data-e-type=\"container\" data-settings=\"{&quot;background_background&quot;:&quot;classic&quot;,&quot;ekit_has_onepagescroll_dot&quot;:&quot;yes&quot;}\">\n\t\t\t\t\t<div class=\"e-con-inner\">\n\t\t\t\t<div class=\"elementor-element elementor-element-42b215e elementor-widget elementor-widget-text-editor\" data-id=\"42b215e\" data-element_type=\"widget\" data-e-type=\"widget\" data-settings=\"{&quot;ekit_we_effect_on&quot;:&quot;none&quot;}\" data-widget_type=\"text-editor.default\">\n\t\t\t\t<div class=\"elementor-widget-container\">\n\t\t\t\t\t\t\t\t\t<p>Ideal gelegenes Weingut in den Gemeinden Mathod und Champvent.<\/p><p>Direktverkauf erlesener Weine ganzj\u00e4hrig w\u00e4hrend Ihres Besuchs oder nach Vereinbarung.<\/p><p>Keller mit 40 Pl\u00e4tzen f\u00fcr Gruppen oder Firmen zu Aperitifs und Degustationen, Parkpl\u00e4tze vorhanden.<\/p>\t\t\t\t\t\t\t\t<\/div>\n\t\t\t\t<\/div>\n\t\t\t\t\t<\/div>\n\t\t\t\t<\/div>\n\t\t<div class=\"elementor-element elementor-element-2dfc654 e-flex e-con-boxed e-con e-parent\" data-id=\"2dfc654\" data-element_type=\"container\" data-e-type=\"container\" data-settings=\"{&quot;ekit_has_onepagescroll_dot&quot;:&quot;yes&quot;}\">\n\t\t\t\t\t<div class=\"e-con-inner\">\n\t\t<div class=\"elementor-element elementor-element-98dfe23 e-con-full e-flex e-con e-child\" data-id=\"98dfe23\" data-element_type=\"container\" data-e-type=\"container\" data-settings=\"{&quot;ekit_has_onepagescroll_dot&quot;:&quot;yes&quot;}\">\n\t\t\t\t<div class=\"elementor-element elementor-element-8b69352 elementor-widget elementor-widget-image\" data-id=\"8b69352\" data-element_type=\"widget\" data-e-type=\"widget\" data-settings=\"{&quot;ekit_we_effect_on&quot;:&quot;none&quot;}\" data-widget_type=\"image.default\">\n\t\t\t\t<div class=\"elementor-widget-container\">\n\t\t\t\t\t\t\t\t\t\t\t\t\t\t\t<img fetchpriority=\"high\" decoding=\"async\" width=\"649\" height=\"433\" src=\"https:\/\/cotes-orbe.ch\/wp-content\/uploads\/2025\/04\/Portraits-Gass-Mathod.jpg\" class=\"attachment-large size-large wp-image-784\" alt=\"\" srcset=\"https:\/\/cotes-orbe.ch\/wp-content\/uploads\/2025\/04\/Portraits-Gass-Mathod.jpg.webp 649w, https:\/\/cotes-orbe.ch\/wp-content\/uploads\/2025\/04\/Portraits-Gass-Mathod-300x200.jpg.webp 300w\" sizes=\"(max-width: 649px) 100vw, 649px\" \/>\t\t\t\t\t\t\t\t\t\t\t\t\t\t\t<\/div>\n\t\t\t\t<\/div>\n\t\t\t\t<div class=\"elementor-element elementor-element-5eeb9dc elementor-widget elementor-widget-heading\" data-id=\"5eeb9dc\" data-element_type=\"widget\" data-e-type=\"widget\" data-settings=\"{&quot;ekit_we_effect_on&quot;:&quot;none&quot;}\" data-widget_type=\"heading.default\">\n\t\t\t\t<div class=\"elementor-widget-container\">\n\t\t\t\t\t<h2 class=\"elementor-heading-title elementor-size-default\">REYNALD Gass<\/h2>\t\t\t\t<\/div>\n\t\t\t\t<\/div>\n\t\t\t\t<div class=\"elementor-element elementor-element-d3ba650 elementor-widget elementor-widget-heading\" data-id=\"d3ba650\" data-element_type=\"widget\" data-e-type=\"widget\" data-settings=\"{&quot;ekit_we_effect_on&quot;:&quot;none&quot;}\" data-widget_type=\"heading.default\">\n\t\t\t\t<div class=\"elementor-widget-container\">\n\t\t\t\t\t<p class=\"elementor-heading-title elementor-size-default\">Winzer<\/p>\t\t\t\t<\/div>\n\t\t\t\t<\/div>\n\t\t\t\t<div class=\"elementor-element elementor-element-75e300c elementor-widget elementor-widget-image\" data-id=\"75e300c\" data-element_type=\"widget\" data-e-type=\"widget\" data-settings=\"{&quot;ekit_we_effect_on&quot;:&quot;none&quot;}\" data-widget_type=\"image.default\">\n\t\t\t\t<div class=\"elementor-widget-container\">\n\t\t\t\t\t\t\t\t\t\t\t\t\t\t\t<img decoding=\"async\" width=\"500\" height=\"331\" src=\"https:\/\/cotes-orbe.ch\/wp-content\/uploads\/2025\/04\/gass_degustatio_500.jpg\" class=\"attachment-large size-large wp-image-782\" alt=\"\" srcset=\"https:\/\/cotes-orbe.ch\/wp-content\/uploads\/2025\/04\/gass_degustatio_500.jpg.webp 500w, https:\/\/cotes-orbe.ch\/wp-content\/uploads\/2025\/04\/gass_degustatio_500-300x199.jpg.webp 300w\" sizes=\"(max-width: 500px) 100vw, 500px\" \/>\t\t\t\t\t\t\t\t\t\t\t\t\t\t\t<\/div>\n\t\t\t\t<\/div>\n\t\t\t\t<div class=\"elementor-element elementor-element-5421e4f elementor-widget elementor-widget-heading\" data-id=\"5421e4f\" data-element_type=\"widget\" data-e-type=\"widget\" data-settings=\"{&quot;ekit_we_effect_on&quot;:&quot;none&quot;}\" data-widget_type=\"heading.default\">\n\t\t\t\t<div class=\"elementor-widget-container\">\n\t\t\t\t\t<h5 class=\"elementor-heading-title elementor-size-default\">Gew\u00f6lbe<\/h5>\t\t\t\t<\/div>\n\t\t\t\t<\/div>\n\t\t\t\t<div class=\"elementor-element elementor-element-3acf9f1 elementor-widget elementor-widget-text-editor\" data-id=\"3acf9f1\" data-element_type=\"widget\" data-e-type=\"widget\" data-settings=\"{&quot;ekit_we_effect_on&quot;:&quot;none&quot;}\" data-widget_type=\"text-editor.default\">\n\t\t\t\t<div class=\"elementor-widget-container\">\n\t\t\t\t\t\t\t\t\t<p>40 Pl\u00e4tze verf\u00fcgbar<\/p>\t\t\t\t\t\t\t\t<\/div>\n\t\t\t\t<\/div>\n\t\t\t\t<div class=\"elementor-element elementor-element-70a4c87 elementor-widget elementor-widget-heading\" data-id=\"70a4c87\" data-element_type=\"widget\" data-e-type=\"widget\" data-settings=\"{&quot;ekit_we_effect_on&quot;:&quot;none&quot;}\" data-widget_type=\"heading.default\">\n\t\t\t\t<div class=\"elementor-widget-container\">\n\t\t\t\t\t<h6 class=\"elementor-heading-title elementor-size-default\">\u00d6ffnungszeiten<\/h6>\t\t\t\t<\/div>\n\t\t\t\t<\/div>\n\t\t\t\t<div class=\"elementor-element elementor-element-13fa1b2 elementor-widget elementor-widget-text-editor\" data-id=\"13fa1b2\" data-element_type=\"widget\" data-e-type=\"widget\" data-settings=\"{&quot;ekit_we_effect_on&quot;:&quot;none&quot;}\" data-widget_type=\"text-editor.default\">\n\t\t\t\t<div class=\"elementor-widget-container\">\n\t\t\t\t\t\t\t\t\t<p>T\u00e4glich nach Vereinbarung<\/p>\t\t\t\t\t\t\t\t<\/div>\n\t\t\t\t<\/div>\n\t\t\t\t<\/div>\n\t\t<div class=\"elementor-element elementor-element-2a7e0a9 e-con-full e-flex e-con e-child\" data-id=\"2a7e0a9\" data-element_type=\"container\" data-e-type=\"container\" data-settings=\"{&quot;ekit_has_onepagescroll_dot&quot;:&quot;yes&quot;}\">\n\t\t\t\t<div class=\"elementor-element elementor-element-2b0471a elementor-widget elementor-widget-image\" data-id=\"2b0471a\" data-element_type=\"widget\" data-e-type=\"widget\" data-settings=\"{&quot;ekit_we_effect_on&quot;:&quot;none&quot;}\" data-widget_type=\"image.default\">\n\t\t\t\t<div class=\"elementor-widget-container\">\n\t\t\t\t\t\t\t\t\t\t\t\t\t\t\t<img decoding=\"async\" width=\"130\" height=\"360\" src=\"https:\/\/cotes-orbe.ch\/wp-content\/uploads\/2025\/04\/Gass_bouteille.png\" class=\"attachment-large size-large wp-image-781\" alt=\"\" srcset=\"https:\/\/cotes-orbe.ch\/wp-content\/uploads\/2025\/04\/Gass_bouteille.png.webp 130w, https:\/\/cotes-orbe.ch\/wp-content\/uploads\/2025\/04\/Gass_bouteille-108x300.png.webp 108w\" sizes=\"(max-width: 130px) 100vw, 130px\" \/>\t\t\t\t\t\t\t\t\t\t\t\t\t\t\t<\/div>\n\t\t\t\t<\/div>\n\t\t\t\t<div class=\"elementor-element elementor-element-0a2ab61 elementor-widget elementor-widget-heading\" data-id=\"0a2ab61\" data-element_type=\"widget\" data-e-type=\"widget\" data-settings=\"{&quot;ekit_we_effect_on&quot;:&quot;none&quot;}\" data-widget_type=\"heading.default\">\n\t\t\t\t<div class=\"elementor-widget-container\">\n\t\t\t\t\t<h3 class=\"elementor-heading-title elementor-size-default\">kultivierte Rebsorten<\/h3>\t\t\t\t<\/div>\n\t\t\t\t<\/div>\n\t\t\t\t<div class=\"elementor-element elementor-element-15828c6 elementor-widget elementor-widget-heading\" data-id=\"15828c6\" data-element_type=\"widget\" data-e-type=\"widget\" data-settings=\"{&quot;ekit_we_effect_on&quot;:&quot;none&quot;}\" data-widget_type=\"heading.default\">\n\t\t\t\t<div class=\"elementor-widget-container\">\n\t\t\t\t\t<p class=\"elementor-heading-title elementor-size-default\">RieslingxSylvaner - Pinot Blanc - Chasselas - Gamay - Pinot Noir - Gamaret - Garanoir - Mara - Galotta<\/p>\t\t\t\t<\/div>\n\t\t\t\t<\/div>\n\t\t\t\t<div class=\"elementor-element elementor-element-daf5a8f elementor-widget elementor-widget-heading\" data-id=\"daf5a8f\" data-element_type=\"widget\" data-e-type=\"widget\" data-settings=\"{&quot;ekit_we_effect_on&quot;:&quot;none&quot;}\" data-widget_type=\"heading.default\">\n\t\t\t\t<div class=\"elementor-widget-container\">\n\t\t\t\t\t<h4 class=\"elementor-heading-title elementor-size-default\">Weine angeboten<\/h4>\t\t\t\t<\/div>\n\t\t\t\t<\/div>\n\t\t\t\t<div class=\"elementor-element elementor-element-bff4186 elementor-widget elementor-widget-text-editor\" data-id=\"bff4186\" data-element_type=\"widget\" data-e-type=\"widget\" data-settings=\"{&quot;ekit_we_effect_on&quot;:&quot;none&quot;}\" data-widget_type=\"text-editor.default\">\n\t\t\t\t<div class=\"elementor-widget-container\">\n\t\t\t\t\t\t\t\t\t<p>Riesling x Sylvaner<br \/>Wei\u00dfburgunder<br \/>Gamay Ros\u00e9<br \/>Rebhuhnauge<br \/>Gamay<br \/>Sp\u00e4tburgunder<br \/>Pinot Noot Eichenfass<br \/>GaMa \u2013 Mara Eichenfass<br \/>Erntejahrgang<br \/>3G Galotta \u2013 Gamaret \u2013 Garanoir<br \/>Fr\u00f6hlicher Wein<br \/>Happy Ros\u00e9<\/p>\t\t\t\t\t\t\t\t<\/div>\n\t\t\t\t<\/div>\n\t\t\t\t<\/div>\n\t\t\t\t\t<\/div>\n\t\t\t\t<\/div>\n\t\t<div class=\"elementor-element elementor-element-275b1c1 e-flex e-con-boxed e-con e-parent\" data-id=\"275b1c1\" data-element_type=\"container\" data-e-type=\"container\" data-settings=\"{&quot;ekit_has_onepagescroll_dot&quot;:&quot;yes&quot;}\">\n\t\t\t\t\t<div class=\"e-con-inner\">\n\t\t\t\t<div class=\"elementor-element elementor-element-212bc28 elementor-widget elementor-widget-text-editor\" data-id=\"212bc28\" data-element_type=\"widget\" data-e-type=\"widget\" data-settings=\"{&quot;ekit_we_effect_on&quot;:&quot;none&quot;}\" data-widget_type=\"text-editor.default\">\n\t\t\t\t<div class=\"elementor-widget-container\">\n\t\t\t\t\t\t\t\t\t<p>Stra\u00dfe: Route de Rances 9<br \/>NPA, Ort: 1438 Mathod<\/p><p>Handy: 079 576 16 62<br \/>E-Mail: <a title=\"mailto:info@gass-mathod.ch\" contenteditable=\"false\" href=\"mailto:info@gass-mathod.ch\">info@gass-mathod.ch<\/a><\/p><p>Webseite:\u00a0<a href=\"http:\/\/www.gass-mathod.ch\/\" target=\"_blank\" rel=\"noopener noreferrer\">www.gass-mathod.ch<\/a><\/p>\t\t\t\t\t\t\t\t<\/div>\n\t\t\t\t<\/div>\n\t\t\t\t<div class=\"elementor-element elementor-element-838c4ba elementor-widget elementor-widget-google_maps\" data-id=\"838c4ba\" data-element_type=\"widget\" data-e-type=\"widget\" data-settings=\"{&quot;ekit_we_effect_on&quot;:&quot;none&quot;}\" data-widget_type=\"google_maps.default\">\n\t\t\t\t<div class=\"elementor-widget-container\">\n\t\t\t\t\t\t\t<div class=\"elementor-custom-embed\">\n\t\t\t<iframe loading=\"lazy\"\n\t\t\t\t\tsrc=\"https:\/\/maps.google.com\/maps?q=domaine%20du%20moulin%2C%20mathod&#038;t=m&#038;z=15&#038;output=embed&#038;iwloc=near\"\n\t\t\t\t\ttitle=\"M\u00fchlengut, Mathod\"\n\t\t\t\t\taria-label=\"M\u00fchlengut, Mathod\"\n\t\t\t><\/iframe>\n\t\t<\/div>\n\t\t\t\t\t\t<\/div>\n\t\t\t\t<\/div>\n\t\t\t\t\t<\/div>\n\t\t\t\t<\/div>\n\t\t\t\t<\/div>","protected":false},"excerpt":{"rendered":"<p>Domaine du moulin Domaine viticole id\u00e9alement situ\u00e9 sur les communes de Mathod et Champvent. Vente directe de vins fins toute l&rsquo;ann\u00e9e lors de votre passage ou sur rendez-vous. Caveau offrant 40 places pour accueil de groupes ou de soci\u00e9t\u00e9s pour ap\u00e9ritifs et d\u00e9gustations, places de parc \u00e0 disposition. REYNALD Gass Vigneron caveau 40 places disponibles [&hellip;]<\/p>\n","protected":false},"author":1,"featured_media":0,"parent":0,"menu_order":0,"comment_status":"closed","ping_status":"closed","template":"elementor_header_footer","meta":{"footnotes":""},"class_list":["post-779","page","type-page","status-publish","hentry"],"_links":{"self":[{"href":"https:\/\/cotes-orbe.ch\/de\/wp-json\/wp\/v2\/pages\/779","targetHints":{"allow":["GET"]}}],"collection":[{"href":"https:\/\/cotes-orbe.ch\/de\/wp-json\/wp\/v2\/pages"}],"about":[{"href":"https:\/\/cotes-orbe.ch\/de\/wp-json\/wp\/v2\/types\/page"}],"author":[{"embeddable":true,"href":"https:\/\/cotes-orbe.ch\/de\/wp-json\/wp\/v2\/users\/1"}],"replies":[{"embeddable":true,"href":"https:\/\/cotes-orbe.ch\/de\/wp-json\/wp\/v2\/comments?post=779"}],"version-history":[{"count":13,"href":"https:\/\/cotes-orbe.ch\/de\/wp-json\/wp\/v2\/pages\/779\/revisions"}],"predecessor-version":[{"id":1420,"href":"https:\/\/cotes-orbe.ch\/de\/wp-json\/wp\/v2\/pages\/779\/revisions\/1420"}],"wp:attachment":[{"href":"https:\/\/cotes-orbe.ch\/de\/wp-json\/wp\/v2\/media?parent=779"}],"curies":[{"name":"wp","href":"https:\/\/api.w.org\/{rel}","templated":true}]}}