{"id":670,"date":"2025-04-10T14:12:43","date_gmt":"2025-04-10T14:12:43","guid":{"rendered":"https:\/\/cotes-orbe.ch\/?page_id=670"},"modified":"2026-02-24T07:25:39","modified_gmt":"2026-02-24T07:25:39","slug":"cave-des-murailles","status":"publish","type":"page","link":"https:\/\/cotes-orbe.ch\/de\/cave-des-murailles\/","title":{"rendered":"H\u00f6hle der W\u00e4nde"},"content":{"rendered":"<div data-elementor-type=\"wp-page\" data-elementor-id=\"670\" class=\"elementor elementor-670\" data-elementor-post-type=\"page\">\n\t\t\t\t<div class=\"elementor-element elementor-element-360ccb2 e-con-full e-flex e-con e-parent\" data-id=\"360ccb2\" data-element_type=\"container\" data-e-type=\"container\" data-settings=\"{&quot;background_background&quot;:&quot;classic&quot;,&quot;shape_divider_bottom&quot;:&quot;waves&quot;,&quot;ekit_has_onepagescroll_dot&quot;:&quot;yes&quot;}\">\n\t\t\t\t<div class=\"elementor-shape elementor-shape-bottom\" aria-hidden=\"true\" data-negative=\"false\">\n\t\t\t<svg xmlns=\"http:\/\/www.w3.org\/2000\/svg\" viewbox=\"0 0 1000 100\" preserveaspectratio=\"none\">\n\t<path class=\"elementor-shape-fill\" d=\"M421.9,6.5c22.6-2.5,51.5,0.4,75.5,5.3c23.6,4.9,70.9,23.5,100.5,35.7c75.8,32.2,133.7,44.5,192.6,49.7\tc23.6,2.1,48.7,3.5,103.4-2.5c54.7-6,106.2-25.6,106.2-25.6V0H0v30.3c0,0,72,32.6,158.4,30.5c39.2-0.7,92.8-6.7,134-22.4\tc21.2-8.1,52.2-18.2,79.7-24.2C399.3,7.9,411.6,7.5,421.9,6.5z\"\/>\n<\/svg>\t\t<\/div>\n\t\t\t\t<div class=\"elementor-element elementor-element-28a89bf elementor-widget elementor-widget-heading\" data-id=\"28a89bf\" data-element_type=\"widget\" data-e-type=\"widget\" data-settings=\"{&quot;ekit_we_effect_on&quot;:&quot;none&quot;}\" data-widget_type=\"heading.default\">\n\t\t\t\t<div class=\"elementor-widget-container\">\n\t\t\t\t\t<h1 class=\"elementor-heading-title elementor-size-default\">Wandkeller<\/h1>\t\t\t\t<\/div>\n\t\t\t\t<\/div>\n\t\t\t\t<\/div>\n\t\t<div class=\"elementor-element elementor-element-515d380 e-flex e-con-boxed e-con e-parent\" data-id=\"515d380\" data-element_type=\"container\" data-e-type=\"container\" data-settings=\"{&quot;background_background&quot;:&quot;classic&quot;,&quot;ekit_has_onepagescroll_dot&quot;:&quot;yes&quot;}\">\n\t\t\t\t\t<div class=\"e-con-inner\">\n\t\t\t\t<div class=\"elementor-element elementor-element-42b215e elementor-widget elementor-widget-text-editor\" data-id=\"42b215e\" data-element_type=\"widget\" data-e-type=\"widget\" data-settings=\"{&quot;ekit_we_effect_on&quot;:&quot;none&quot;}\" data-widget_type=\"text-editor.default\">\n\t\t\t\t<div class=\"elementor-widget-container\">\n\t\t\t\t\t\t\t\t\t<p>Ein Familienweingut mit 4,3 Hektar Rebfl\u00e4che, die im Guyot-System und auf Terrassen bewirtschaftet werden. Die Lese erfolgt traditionell von Hand. Bislang wurden 14 Rebsorten ausgew\u00e4hlt, um Ihnen eine vielf\u00e4ltige Auswahl an Weinen bieten zu k\u00f6nnen.<\/p><p>Als Winzer und Kellermeister vinifizieren wir unsere eigenen Weine nach traditionellen Methoden in G\u00e4rtanks und Eichenf\u00e4ssern. Pressung, Lagerung, Weinkontrolle, Abf\u00fcllung und Vermarktung erfolgen alle auf dem Weingut.<\/p>\t\t\t\t\t\t\t\t<\/div>\n\t\t\t\t<\/div>\n\t\t\t\t\t<\/div>\n\t\t\t\t<\/div>\n\t\t<div class=\"elementor-element elementor-element-2dfc654 e-flex e-con-boxed e-con e-parent\" data-id=\"2dfc654\" data-element_type=\"container\" data-e-type=\"container\" data-settings=\"{&quot;ekit_has_onepagescroll_dot&quot;:&quot;yes&quot;}\">\n\t\t\t\t\t<div class=\"e-con-inner\">\n\t\t<div class=\"elementor-element elementor-element-98dfe23 e-con-full e-flex e-con e-child\" data-id=\"98dfe23\" data-element_type=\"container\" data-e-type=\"container\" data-settings=\"{&quot;ekit_has_onepagescroll_dot&quot;:&quot;yes&quot;}\">\n\t\t\t\t<div class=\"elementor-element elementor-element-8b69352 elementor-widget elementor-widget-image\" data-id=\"8b69352\" data-element_type=\"widget\" data-e-type=\"widget\" data-settings=\"{&quot;ekit_we_effect_on&quot;:&quot;none&quot;}\" data-widget_type=\"image.default\">\n\t\t\t\t<div class=\"elementor-widget-container\">\n\t\t\t\t\t\t\t\t\t\t\t\t\t\t\t<img fetchpriority=\"high\" decoding=\"async\" width=\"649\" height=\"433\" src=\"https:\/\/cotes-orbe.ch\/wp-content\/uploads\/2025\/04\/Portraits-Morel-Murailles-Arnex.jpg\" class=\"attachment-large size-large wp-image-675\" alt=\"\" srcset=\"https:\/\/cotes-orbe.ch\/wp-content\/uploads\/2025\/04\/Portraits-Morel-Murailles-Arnex.jpg 649w, https:\/\/cotes-orbe.ch\/wp-content\/uploads\/2025\/04\/Portraits-Morel-Murailles-Arnex-300x200.jpg 300w\" sizes=\"(max-width: 649px) 100vw, 649px\" \/>\t\t\t\t\t\t\t\t\t\t\t\t\t\t\t<\/div>\n\t\t\t\t<\/div>\n\t\t\t\t<div class=\"elementor-element elementor-element-5eeb9dc elementor-widget elementor-widget-heading\" data-id=\"5eeb9dc\" data-element_type=\"widget\" data-e-type=\"widget\" data-settings=\"{&quot;ekit_we_effect_on&quot;:&quot;none&quot;}\" data-widget_type=\"heading.default\">\n\t\t\t\t<div class=\"elementor-widget-container\">\n\t\t\t\t\t<h2 class=\"elementor-heading-title elementor-size-default\">Landry Morel<\/h2>\t\t\t\t<\/div>\n\t\t\t\t<\/div>\n\t\t\t\t<div class=\"elementor-element elementor-element-d3ba650 elementor-widget elementor-widget-heading\" data-id=\"d3ba650\" data-element_type=\"widget\" data-e-type=\"widget\" data-settings=\"{&quot;ekit_we_effect_on&quot;:&quot;none&quot;}\" data-widget_type=\"heading.default\">\n\t\t\t\t<div class=\"elementor-widget-container\">\n\t\t\t\t\t<p class=\"elementor-heading-title elementor-size-default\">Winzer und Kellermeister<\/p>\t\t\t\t<\/div>\n\t\t\t\t<\/div>\n\t\t\t\t<div class=\"elementor-element elementor-element-75e300c elementor-widget elementor-widget-image\" data-id=\"75e300c\" data-element_type=\"widget\" data-e-type=\"widget\" data-settings=\"{&quot;ekit_we_effect_on&quot;:&quot;none&quot;}\" data-widget_type=\"image.default\">\n\t\t\t\t<div class=\"elementor-widget-container\">\n\t\t\t\t\t\t\t\t\t\t\t\t\t\t\t<img decoding=\"async\" width=\"500\" height=\"331\" src=\"https:\/\/cotes-orbe.ch\/wp-content\/uploads\/2025\/04\/arnex-Morel-caveau.jpg\" class=\"attachment-large size-large wp-image-672\" alt=\"\" srcset=\"https:\/\/cotes-orbe.ch\/wp-content\/uploads\/2025\/04\/arnex-Morel-caveau.jpg 500w, https:\/\/cotes-orbe.ch\/wp-content\/uploads\/2025\/04\/arnex-Morel-caveau-300x199.jpg 300w\" sizes=\"(max-width: 500px) 100vw, 500px\" \/>\t\t\t\t\t\t\t\t\t\t\t\t\t\t\t<\/div>\n\t\t\t\t<\/div>\n\t\t\t\t<div class=\"elementor-element elementor-element-5421e4f elementor-widget elementor-widget-heading\" data-id=\"5421e4f\" data-element_type=\"widget\" data-e-type=\"widget\" data-settings=\"{&quot;ekit_we_effect_on&quot;:&quot;none&quot;}\" data-widget_type=\"heading.default\">\n\t\t\t\t<div class=\"elementor-widget-container\">\n\t\t\t\t\t<h5 class=\"elementor-heading-title elementor-size-default\">Gew\u00f6lbe<\/h5>\t\t\t\t<\/div>\n\t\t\t\t<\/div>\n\t\t\t\t<div class=\"elementor-element elementor-element-3acf9f1 elementor-widget elementor-widget-text-editor\" data-id=\"3acf9f1\" data-element_type=\"widget\" data-e-type=\"widget\" data-settings=\"{&quot;ekit_we_effect_on&quot;:&quot;none&quot;}\" data-widget_type=\"text-editor.default\">\n\t\t\t\t<div class=\"elementor-widget-container\">\n\t\t\t\t\t\t\t\t\t<p>Bis zu 20 Pl\u00e4tze verf\u00fcgbar<\/p>\t\t\t\t\t\t\t\t<\/div>\n\t\t\t\t<\/div>\n\t\t\t\t<div class=\"elementor-element elementor-element-70a4c87 elementor-widget elementor-widget-heading\" data-id=\"70a4c87\" data-element_type=\"widget\" data-e-type=\"widget\" data-settings=\"{&quot;ekit_we_effect_on&quot;:&quot;none&quot;}\" data-widget_type=\"heading.default\">\n\t\t\t\t<div class=\"elementor-widget-container\">\n\t\t\t\t\t<h6 class=\"elementor-heading-title elementor-size-default\">\u00d6ffnungszeiten<\/h6>\t\t\t\t<\/div>\n\t\t\t\t<\/div>\n\t\t\t\t<div class=\"elementor-element elementor-element-13fa1b2 elementor-widget elementor-widget-text-editor\" data-id=\"13fa1b2\" data-element_type=\"widget\" data-e-type=\"widget\" data-settings=\"{&quot;ekit_we_effect_on&quot;:&quot;none&quot;}\" data-widget_type=\"text-editor.default\">\n\t\t\t\t<div class=\"elementor-widget-container\">\n\t\t\t\t\t\t\t\t\t<p>Samstag von 10:00 bis 12:00 Uhr oder auf Abruf<\/p>\t\t\t\t\t\t\t\t<\/div>\n\t\t\t\t<\/div>\n\t\t\t\t<\/div>\n\t\t<div class=\"elementor-element elementor-element-2a7e0a9 e-con-full e-flex e-con e-child\" data-id=\"2a7e0a9\" data-element_type=\"container\" data-e-type=\"container\" data-settings=\"{&quot;ekit_has_onepagescroll_dot&quot;:&quot;yes&quot;}\">\n\t\t\t\t<div class=\"elementor-element elementor-element-2b0471a elementor-widget elementor-widget-image\" data-id=\"2b0471a\" data-element_type=\"widget\" data-e-type=\"widget\" data-settings=\"{&quot;ekit_we_effect_on&quot;:&quot;none&quot;}\" data-widget_type=\"image.default\">\n\t\t\t\t<div class=\"elementor-widget-container\">\n\t\t\t\t\t\t\t\t\t\t\t\t\t\t\t<img decoding=\"async\" width=\"130\" height=\"360\" src=\"https:\/\/cotes-orbe.ch\/wp-content\/uploads\/2025\/04\/murailles_bouteille.png\" class=\"attachment-large size-large wp-image-673\" alt=\"\" srcset=\"https:\/\/cotes-orbe.ch\/wp-content\/uploads\/2025\/04\/murailles_bouteille.png 130w, https:\/\/cotes-orbe.ch\/wp-content\/uploads\/2025\/04\/murailles_bouteille-108x300.png 108w\" sizes=\"(max-width: 130px) 100vw, 130px\" \/>\t\t\t\t\t\t\t\t\t\t\t\t\t\t\t<\/div>\n\t\t\t\t<\/div>\n\t\t\t\t<div class=\"elementor-element elementor-element-0a2ab61 elementor-widget elementor-widget-heading\" data-id=\"0a2ab61\" data-element_type=\"widget\" data-e-type=\"widget\" data-settings=\"{&quot;ekit_we_effect_on&quot;:&quot;none&quot;}\" data-widget_type=\"heading.default\">\n\t\t\t\t<div class=\"elementor-widget-container\">\n\t\t\t\t\t<h3 class=\"elementor-heading-title elementor-size-default\">kultivierte Rebsorten<\/h3>\t\t\t\t<\/div>\n\t\t\t\t<\/div>\n\t\t\t\t<div class=\"elementor-element elementor-element-15828c6 elementor-widget elementor-widget-heading\" data-id=\"15828c6\" data-element_type=\"widget\" data-e-type=\"widget\" data-settings=\"{&quot;ekit_we_effect_on&quot;:&quot;none&quot;}\" data-widget_type=\"heading.default\">\n\t\t\t\t<div class=\"elementor-widget-container\">\n\t\t\t\t\t<p class=\"elementor-heading-title elementor-size-default\">Chasselas \u2013 Gew\u00fcrztraminer \u2013 Pinot Gris \u2013 Pinot Noir \u2013 Gamay \u2013 Gamaret \u2013 Garanoir \u2013 Diolinoir \u2013 Mara \u2013 Merlot \u2013 Malbec \u2013 Zweigelt \u2013 Galotta<\/p>\t\t\t\t<\/div>\n\t\t\t\t<\/div>\n\t\t\t\t<div class=\"elementor-element elementor-element-daf5a8f elementor-widget elementor-widget-heading\" data-id=\"daf5a8f\" data-element_type=\"widget\" data-e-type=\"widget\" data-settings=\"{&quot;ekit_we_effect_on&quot;:&quot;none&quot;}\" data-widget_type=\"heading.default\">\n\t\t\t\t<div class=\"elementor-widget-container\">\n\t\t\t\t\t<h4 class=\"elementor-heading-title elementor-size-default\">Weine angeboten<\/h4>\t\t\t\t<\/div>\n\t\t\t\t<\/div>\n\t\t\t\t<div class=\"elementor-element elementor-element-bff4186 elementor-widget elementor-widget-text-editor\" data-id=\"bff4186\" data-element_type=\"widget\" data-e-type=\"widget\" data-settings=\"{&quot;ekit_we_effect_on&quot;:&quot;none&quot;}\" data-widget_type=\"text-editor.default\">\n\t\t\t\t<div class=\"elementor-widget-container\">\n\t\t\t\t\t\t\t\t\t<p class=\"p2\">Chasselas<\/p><p class=\"p2\">Grauburgunder<\/p><p class=\"p2\">Gew\u00fcrztraminer<\/p><p class=\"p2\">Gamay Ros\u00e9<\/p><p class=\"p2\">Gamay<\/p><p class=\"p2\">Pinot-Gamay<\/p><p class=\"p2\">Sp\u00e4tburgunder<\/p><p class=\"p2\">Garanoir-Gamay-Pinot-Gamaret<\/p><p class=\"p2\">Gamaret-Diolinoir<\/p><p class=\"p2\">Mara<\/p><p class=\"p2\">Garanoir-Lauf<\/p><p class=\"p2\">Merlot-Malbec-Fass<\/p>\t\t\t\t\t\t\t\t<\/div>\n\t\t\t\t<\/div>\n\t\t\t\t<\/div>\n\t\t\t\t\t<\/div>\n\t\t\t\t<\/div>\n\t\t<div class=\"elementor-element elementor-element-275b1c1 e-flex e-con-boxed e-con e-parent\" data-id=\"275b1c1\" data-element_type=\"container\" data-e-type=\"container\" data-settings=\"{&quot;ekit_has_onepagescroll_dot&quot;:&quot;yes&quot;}\">\n\t\t\t\t\t<div class=\"e-con-inner\">\n\t\t\t\t<div class=\"elementor-element elementor-element-212bc28 elementor-widget elementor-widget-text-editor\" data-id=\"212bc28\" data-element_type=\"widget\" data-e-type=\"widget\" data-settings=\"{&quot;ekit_we_effect_on&quot;:&quot;none&quot;}\" data-widget_type=\"text-editor.default\">\n\t\t\t\t<div class=\"elementor-widget-container\">\n\t\t\t\t\t\t\t\t\t<p>Stra\u00dfe: Chemin du Ch\u00e2teau 5A<br \/>NPA, Ort: 1321 Arnex-sur-Orbe<\/p><p>Handy: 079 729 77 51<br \/>E-Mail:\u00a0<a href=\"mailto:info@cavedesmurailles.ch\">info@cavedesmurailles.ch <\/a><\/p><p>Webseite:\u00a0<a href=\"http:\/\/www.cavedesmurailles.ch\/\" target=\"_blank\" rel=\"noopener noreferrer\">www.cavedesmurailles.ch<\/a><\/p>\t\t\t\t\t\t\t\t<\/div>\n\t\t\t\t<\/div>\n\t\t\t\t<div class=\"elementor-element elementor-element-838c4ba elementor-widget elementor-widget-google_maps\" data-id=\"838c4ba\" data-element_type=\"widget\" data-e-type=\"widget\" data-settings=\"{&quot;ekit_we_effect_on&quot;:&quot;none&quot;}\" data-widget_type=\"google_maps.default\">\n\t\t\t\t<div class=\"elementor-widget-container\">\n\t\t\t\t\t\t\t<div class=\"elementor-custom-embed\">\n\t\t\t<iframe loading=\"lazy\"\n\t\t\t\t\tsrc=\"https:\/\/maps.google.com\/maps?q=cave%20des%20murailles&#038;t=m&#038;z=15&#038;output=embed&#038;iwloc=near\"\n\t\t\t\t\ttitle=\"Wandkeller\"\n\t\t\t\t\taria-label=\"Wandkeller\"\n\t\t\t><\/iframe>\n\t\t<\/div>\n\t\t\t\t\t\t<\/div>\n\t\t\t\t<\/div>\n\t\t\t\t\t<\/div>\n\t\t\t\t<\/div>\n\t\t\t\t<\/div>","protected":false},"excerpt":{"rendered":"<p>cave des murailles Domaine familial de 4.3 hectares de vignes cultiv\u00e9 en Guyot et en terrasses. Les vendanges s&rsquo;effectuent traditionnellement \u00e0 la main. A ce jour 14 c\u00e9pages ont \u00e9t\u00e9 s\u00e9lectionn\u00e9s pour vous offrir une gamme de vins diversifi\u00e9e. Vignerons-encaveurs, nous vinifions notre propre production d&rsquo;une mani\u00e8re traditionnelle en cuves et en f\u00fbts de ch\u00eane. [&hellip;]<\/p>\n","protected":false},"author":1,"featured_media":0,"parent":0,"menu_order":0,"comment_status":"closed","ping_status":"closed","template":"elementor_header_footer","meta":{"footnotes":""},"class_list":["post-670","page","type-page","status-publish","hentry"],"_links":{"self":[{"href":"https:\/\/cotes-orbe.ch\/de\/wp-json\/wp\/v2\/pages\/670","targetHints":{"allow":["GET"]}}],"collection":[{"href":"https:\/\/cotes-orbe.ch\/de\/wp-json\/wp\/v2\/pages"}],"about":[{"href":"https:\/\/cotes-orbe.ch\/de\/wp-json\/wp\/v2\/types\/page"}],"author":[{"embeddable":true,"href":"https:\/\/cotes-orbe.ch\/de\/wp-json\/wp\/v2\/users\/1"}],"replies":[{"embeddable":true,"href":"https:\/\/cotes-orbe.ch\/de\/wp-json\/wp\/v2\/comments?post=670"}],"version-history":[{"count":10,"href":"https:\/\/cotes-orbe.ch\/de\/wp-json\/wp\/v2\/pages\/670\/revisions"}],"predecessor-version":[{"id":1665,"href":"https:\/\/cotes-orbe.ch\/de\/wp-json\/wp\/v2\/pages\/670\/revisions\/1665"}],"wp:attachment":[{"href":"https:\/\/cotes-orbe.ch\/de\/wp-json\/wp\/v2\/media?parent=670"}],"curies":[{"name":"wp","href":"https:\/\/api.w.org\/{rel}","templated":true}]}}