{"id":645,"date":"2025-04-10T13:54:45","date_gmt":"2025-04-10T13:54:45","guid":{"rendered":"https:\/\/cotes-orbe.ch\/?page_id=645"},"modified":"2025-04-19T08:03:28","modified_gmt":"2025-04-19T08:03:28","slug":"cave-mirabilis","status":"publish","type":"page","link":"https:\/\/cotes-orbe.ch\/de\/cave-mirabilis\/","title":{"rendered":"Mirabilis-H\u00f6hle"},"content":{"rendered":"<div data-elementor-type=\"wp-page\" data-elementor-id=\"645\" class=\"elementor elementor-645\" data-elementor-post-type=\"page\">\n\t\t\t\t<div class=\"elementor-element elementor-element-360ccb2 e-con-full e-flex e-con e-parent\" data-id=\"360ccb2\" data-element_type=\"container\" data-e-type=\"container\" data-settings=\"{&quot;background_background&quot;:&quot;classic&quot;,&quot;shape_divider_bottom&quot;:&quot;waves&quot;,&quot;ekit_has_onepagescroll_dot&quot;:&quot;yes&quot;}\">\n\t\t\t\t<div class=\"elementor-shape elementor-shape-bottom\" aria-hidden=\"true\" data-negative=\"false\">\n\t\t\t<svg xmlns=\"http:\/\/www.w3.org\/2000\/svg\" viewbox=\"0 0 1000 100\" preserveaspectratio=\"none\">\n\t<path class=\"elementor-shape-fill\" d=\"M421.9,6.5c22.6-2.5,51.5,0.4,75.5,5.3c23.6,4.9,70.9,23.5,100.5,35.7c75.8,32.2,133.7,44.5,192.6,49.7\tc23.6,2.1,48.7,3.5,103.4-2.5c54.7-6,106.2-25.6,106.2-25.6V0H0v30.3c0,0,72,32.6,158.4,30.5c39.2-0.7,92.8-6.7,134-22.4\tc21.2-8.1,52.2-18.2,79.7-24.2C399.3,7.9,411.6,7.5,421.9,6.5z\"\/>\n<\/svg>\t\t<\/div>\n\t\t\t\t<div class=\"elementor-element elementor-element-28a89bf elementor-widget elementor-widget-heading\" data-id=\"28a89bf\" data-element_type=\"widget\" data-e-type=\"widget\" data-settings=\"{&quot;ekit_we_effect_on&quot;:&quot;none&quot;}\" data-widget_type=\"heading.default\">\n\t\t\t\t<div class=\"elementor-widget-container\">\n\t\t\t\t\t<h1 class=\"elementor-heading-title elementor-size-default\">Mirabilis-Keller<\/h1>\t\t\t\t<\/div>\n\t\t\t\t<\/div>\n\t\t\t\t<\/div>\n\t\t<div class=\"elementor-element elementor-element-515d380 e-flex e-con-boxed e-con e-parent\" data-id=\"515d380\" data-element_type=\"container\" data-e-type=\"container\" data-settings=\"{&quot;background_background&quot;:&quot;classic&quot;,&quot;ekit_has_onepagescroll_dot&quot;:&quot;yes&quot;}\">\n\t\t\t\t\t<div class=\"e-con-inner\">\n\t\t\t\t<div class=\"elementor-element elementor-element-42b215e elementor-widget elementor-widget-text-editor\" data-id=\"42b215e\" data-element_type=\"widget\" data-e-type=\"widget\" data-settings=\"{&quot;ekit_we_effect_on&quot;:&quot;none&quot;}\" data-widget_type=\"text-editor.default\">\n\t\t\t\t<div class=\"elementor-widget-container\">\n\t\t\t\t\t\t\t\t\t<p>Familienbesitz mit 7,5 ha, der vollst\u00e4ndig von uns bewirtschaftet, vinifiziert und in Flaschen vermarktet wird.<\/p><p>Die Reben befinden sich in den Gemeinden Agiez, Montcherand, Orbe, Rances und Valeyres-sous-Rances, was den Vorteil hat, dass sich die Rebsorten an die unterschiedlichen Terroirs anpassen k\u00f6nnen. Der Anbau und die Ernte erfolgen in Handarbeit. Unsere Philosophie besteht darin, durch eine hohe Rebstockdichte pro Hektar und gut kontrollierte Ertr\u00e4ge die bestm\u00f6gliche Qualit\u00e4t zu erzielen.<\/p><p>Die Ergebnisse geben unseren Bem\u00fchungen recht: Die Verkoster bemerken die Finesse unserer Wei\u00dfweine und die hervorragende Qualit\u00e4t der Rotweine. Unsere Weine werden regelm\u00e4\u00dfig bei verschiedenen Wettbewerben ausgezeichnet.<\/p>\t\t\t\t\t\t\t\t<\/div>\n\t\t\t\t<\/div>\n\t\t\t\t\t<\/div>\n\t\t\t\t<\/div>\n\t\t<div class=\"elementor-element elementor-element-2dfc654 e-flex e-con-boxed e-con e-parent\" data-id=\"2dfc654\" data-element_type=\"container\" data-e-type=\"container\" data-settings=\"{&quot;ekit_has_onepagescroll_dot&quot;:&quot;yes&quot;}\">\n\t\t\t\t\t<div class=\"e-con-inner\">\n\t\t<div class=\"elementor-element elementor-element-98dfe23 e-con-full e-flex e-con e-child\" data-id=\"98dfe23\" data-element_type=\"container\" data-e-type=\"container\" data-settings=\"{&quot;ekit_has_onepagescroll_dot&quot;:&quot;yes&quot;}\">\n\t\t\t\t<div class=\"elementor-element elementor-element-8b69352 elementor-widget elementor-widget-image\" data-id=\"8b69352\" data-element_type=\"widget\" data-e-type=\"widget\" data-settings=\"{&quot;ekit_we_effect_on&quot;:&quot;none&quot;}\" data-widget_type=\"image.default\">\n\t\t\t\t<div class=\"elementor-widget-container\">\n\t\t\t\t\t\t\t\t\t\t\t\t\t\t\t<img fetchpriority=\"high\" decoding=\"async\" width=\"649\" height=\"433\" src=\"https:\/\/cotes-orbe.ch\/wp-content\/uploads\/2025\/04\/Portraits-Poget-Agiez.jpg\" class=\"attachment-large size-large wp-image-648\" alt=\"\" srcset=\"https:\/\/cotes-orbe.ch\/wp-content\/uploads\/2025\/04\/Portraits-Poget-Agiez.jpg 649w, https:\/\/cotes-orbe.ch\/wp-content\/uploads\/2025\/04\/Portraits-Poget-Agiez-300x200.jpg 300w\" sizes=\"(max-width: 649px) 100vw, 649px\" \/>\t\t\t\t\t\t\t\t\t\t\t\t\t\t\t<\/div>\n\t\t\t\t<\/div>\n\t\t\t\t<div class=\"elementor-element elementor-element-5eeb9dc elementor-widget elementor-widget-heading\" data-id=\"5eeb9dc\" data-element_type=\"widget\" data-e-type=\"widget\" data-settings=\"{&quot;ekit_we_effect_on&quot;:&quot;none&quot;}\" data-widget_type=\"heading.default\">\n\t\t\t\t<div class=\"elementor-widget-container\">\n\t\t\t\t\t<h2 class=\"elementor-heading-title elementor-size-default\">Pierre-Yves Poget<\/h2>\t\t\t\t<\/div>\n\t\t\t\t<\/div>\n\t\t\t\t<div class=\"elementor-element elementor-element-d3ba650 elementor-widget elementor-widget-heading\" data-id=\"d3ba650\" data-element_type=\"widget\" data-e-type=\"widget\" data-settings=\"{&quot;ekit_we_effect_on&quot;:&quot;none&quot;}\" data-widget_type=\"heading.default\">\n\t\t\t\t<div class=\"elementor-widget-container\">\n\t\t\t\t\t<p class=\"elementor-heading-title elementor-size-default\">Winzer und Kellermeister<\/p>\t\t\t\t<\/div>\n\t\t\t\t<\/div>\n\t\t\t\t<div class=\"elementor-element elementor-element-75e300c elementor-widget elementor-widget-image\" data-id=\"75e300c\" data-element_type=\"widget\" data-e-type=\"widget\" data-settings=\"{&quot;ekit_we_effect_on&quot;:&quot;none&quot;}\" data-widget_type=\"image.default\">\n\t\t\t\t<div class=\"elementor-widget-container\">\n\t\t\t\t\t\t\t\t\t\t\t\t\t\t\t<img decoding=\"async\" width=\"500\" height=\"335\" src=\"https:\/\/cotes-orbe.ch\/wp-content\/uploads\/2025\/04\/Poget_Mirabilis_caveau.png\" class=\"attachment-large size-large wp-image-654\" alt=\"\" srcset=\"https:\/\/cotes-orbe.ch\/wp-content\/uploads\/2025\/04\/Poget_Mirabilis_caveau.png 500w, https:\/\/cotes-orbe.ch\/wp-content\/uploads\/2025\/04\/Poget_Mirabilis_caveau-300x201.png 300w\" sizes=\"(max-width: 500px) 100vw, 500px\" \/>\t\t\t\t\t\t\t\t\t\t\t\t\t\t\t<\/div>\n\t\t\t\t<\/div>\n\t\t\t\t<div class=\"elementor-element elementor-element-5421e4f elementor-widget elementor-widget-heading\" data-id=\"5421e4f\" data-element_type=\"widget\" data-e-type=\"widget\" data-settings=\"{&quot;ekit_we_effect_on&quot;:&quot;none&quot;}\" data-widget_type=\"heading.default\">\n\t\t\t\t<div class=\"elementor-widget-container\">\n\t\t\t\t\t<h5 class=\"elementor-heading-title elementor-size-default\">Gew\u00f6lbe<\/h5>\t\t\t\t<\/div>\n\t\t\t\t<\/div>\n\t\t\t\t<div class=\"elementor-element elementor-element-3acf9f1 elementor-widget elementor-widget-text-editor\" data-id=\"3acf9f1\" data-element_type=\"widget\" data-e-type=\"widget\" data-settings=\"{&quot;ekit_we_effect_on&quot;:&quot;none&quot;}\" data-widget_type=\"text-editor.default\">\n\t\t\t\t<div class=\"elementor-widget-container\">\n\t\t\t\t\t\t\t\t\t<p>50 Pl\u00e4tze<\/p>\t\t\t\t\t\t\t\t<\/div>\n\t\t\t\t<\/div>\n\t\t\t\t<div class=\"elementor-element elementor-element-70a4c87 elementor-widget elementor-widget-heading\" data-id=\"70a4c87\" data-element_type=\"widget\" data-e-type=\"widget\" data-settings=\"{&quot;ekit_we_effect_on&quot;:&quot;none&quot;}\" data-widget_type=\"heading.default\">\n\t\t\t\t<div class=\"elementor-widget-container\">\n\t\t\t\t\t<h6 class=\"elementor-heading-title elementor-size-default\">\u00d6ffnungszeiten<\/h6>\t\t\t\t<\/div>\n\t\t\t\t<\/div>\n\t\t\t\t<div class=\"elementor-element elementor-element-13fa1b2 elementor-widget elementor-widget-text-editor\" data-id=\"13fa1b2\" data-element_type=\"widget\" data-e-type=\"widget\" data-settings=\"{&quot;ekit_we_effect_on&quot;:&quot;none&quot;}\" data-widget_type=\"text-editor.default\">\n\t\t\t\t<div class=\"elementor-widget-container\">\n\t\t\t\t\t\t\t\t\t<p>Samstagvormittag von 10:00 bis 12:00 Uhr<br \/>oder nach Vereinbarung<\/p>\t\t\t\t\t\t\t\t<\/div>\n\t\t\t\t<\/div>\n\t\t\t\t<\/div>\n\t\t<div class=\"elementor-element elementor-element-2a7e0a9 e-con-full e-flex e-con e-child\" data-id=\"2a7e0a9\" data-element_type=\"container\" data-e-type=\"container\" data-settings=\"{&quot;ekit_has_onepagescroll_dot&quot;:&quot;yes&quot;}\">\n\t\t\t\t<div class=\"elementor-element elementor-element-2b0471a elementor-widget elementor-widget-image\" data-id=\"2b0471a\" data-element_type=\"widget\" data-e-type=\"widget\" data-settings=\"{&quot;ekit_we_effect_on&quot;:&quot;none&quot;}\" data-widget_type=\"image.default\">\n\t\t\t\t<div class=\"elementor-widget-container\">\n\t\t\t\t\t\t\t\t\t\t\t\t\t\t\t<img decoding=\"async\" width=\"683\" height=\"1024\" src=\"https:\/\/cotes-orbe.ch\/wp-content\/uploads\/2025\/04\/P-Y.Poget-10-scaled-1-683x1024.webp\" class=\"attachment-large size-large wp-image-650\" alt=\"\" srcset=\"https:\/\/cotes-orbe.ch\/wp-content\/uploads\/2025\/04\/P-Y.Poget-10-scaled-1-683x1024.webp 683w, https:\/\/cotes-orbe.ch\/wp-content\/uploads\/2025\/04\/P-Y.Poget-10-scaled-1-200x300.webp 200w, https:\/\/cotes-orbe.ch\/wp-content\/uploads\/2025\/04\/P-Y.Poget-10-scaled-1-768x1152.webp 768w, https:\/\/cotes-orbe.ch\/wp-content\/uploads\/2025\/04\/P-Y.Poget-10-scaled-1-1024x1536.webp 1024w, https:\/\/cotes-orbe.ch\/wp-content\/uploads\/2025\/04\/P-Y.Poget-10-scaled-1-1366x2048.webp 1366w, https:\/\/cotes-orbe.ch\/wp-content\/uploads\/2025\/04\/P-Y.Poget-10-scaled-1.webp 1707w\" sizes=\"(max-width: 683px) 100vw, 683px\" \/>\t\t\t\t\t\t\t\t\t\t\t\t\t\t\t<\/div>\n\t\t\t\t<\/div>\n\t\t\t\t<div class=\"elementor-element elementor-element-0a2ab61 elementor-widget elementor-widget-heading\" data-id=\"0a2ab61\" data-element_type=\"widget\" data-e-type=\"widget\" data-settings=\"{&quot;ekit_we_effect_on&quot;:&quot;none&quot;}\" data-widget_type=\"heading.default\">\n\t\t\t\t<div class=\"elementor-widget-container\">\n\t\t\t\t\t<h3 class=\"elementor-heading-title elementor-size-default\">kultivierte Rebsorten<\/h3>\t\t\t\t<\/div>\n\t\t\t\t<\/div>\n\t\t\t\t<div class=\"elementor-element elementor-element-15828c6 elementor-widget elementor-widget-heading\" data-id=\"15828c6\" data-element_type=\"widget\" data-e-type=\"widget\" data-settings=\"{&quot;ekit_we_effect_on&quot;:&quot;none&quot;}\" data-widget_type=\"heading.default\">\n\t\t\t\t<div class=\"elementor-widget-container\">\n\t\t\t\t\t<p class=\"elementor-heading-title elementor-size-default\">Chasselas \u2013 Gew\u00fcrztraminer \u2013 Gamay \u2013 Pinot Noir \u2013 Gamaret \u2013 Garanoir \u2013 Galotta \u2013 Cabernet Franc \u2013 Cabernet Sauvignon \u2013 Cabernet Dorsa \u2013 Merlot \u2013 Sauvignon Blanc \u2013 Chardonnay \u2013 Savagnin Blanc \u2013 Doral<\/p>\t\t\t\t<\/div>\n\t\t\t\t<\/div>\n\t\t\t\t<div class=\"elementor-element elementor-element-daf5a8f elementor-widget elementor-widget-heading\" data-id=\"daf5a8f\" data-element_type=\"widget\" data-e-type=\"widget\" data-settings=\"{&quot;ekit_we_effect_on&quot;:&quot;none&quot;}\" data-widget_type=\"heading.default\">\n\t\t\t\t<div class=\"elementor-widget-container\">\n\t\t\t\t\t<h4 class=\"elementor-heading-title elementor-size-default\">Weine angeboten<\/h4>\t\t\t\t<\/div>\n\t\t\t\t<\/div>\n\t\t\t\t<div class=\"elementor-element elementor-element-bff4186 elementor-widget elementor-widget-text-editor\" data-id=\"bff4186\" data-element_type=\"widget\" data-e-type=\"widget\" data-settings=\"{&quot;ekit_we_effect_on&quot;:&quot;none&quot;}\" data-widget_type=\"text-editor.default\">\n\t\t\t\t<div class=\"elementor-widget-container\">\n\t\t\t\t\t\t\t\t\t<p>Chasselas<br \/>Wei\u00df von Schwarz<br \/>Savagnin Aromatische Rose<br \/>Gamay Ros\u00e9<br \/>Gamay<br \/>Sp\u00e4tburgunder<br \/>Mirabilis<br \/>Gamaret-Garanoir<br \/>Gamay-Fass<br \/>Gamaret-Garanoir-Fass<br \/>Merlot Fass Fass<br \/>Eucharis-Fass<br \/>Sauvignon Blanc<\/p>\t\t\t\t\t\t\t\t<\/div>\n\t\t\t\t<\/div>\n\t\t\t\t<\/div>\n\t\t\t\t\t<\/div>\n\t\t\t\t<\/div>\n\t\t<div class=\"elementor-element elementor-element-275b1c1 e-flex e-con-boxed e-con e-parent\" data-id=\"275b1c1\" data-element_type=\"container\" data-e-type=\"container\" data-settings=\"{&quot;ekit_has_onepagescroll_dot&quot;:&quot;yes&quot;}\">\n\t\t\t\t\t<div class=\"e-con-inner\">\n\t\t\t\t<div class=\"elementor-element elementor-element-212bc28 elementor-widget elementor-widget-text-editor\" data-id=\"212bc28\" data-element_type=\"widget\" data-e-type=\"widget\" data-settings=\"{&quot;ekit_we_effect_on&quot;:&quot;none&quot;}\" data-widget_type=\"text-editor.default\">\n\t\t\t\t<div class=\"elementor-widget-container\">\n\t\t\t\t\t\t\t\t\t<p>Stra\u00dfe: Route de Bretonni\u00e8res 16 a<br \/>NPA, Ort: 1352 Agiez<\/p><p>Telefon: 024 441 43 21<br \/>Fax: 024 441 43 21<br \/>Solch. Handy: 079 702 97 22<br \/>E-Mail:\u00a0<a href=\"mailto:pypoget@vins-poget.ch\">pypoget@vins-poget.ch <\/a><\/p><p>Webseite:\u00a0<a href=\"http:\/\/www.vins-poget.ch\/\" target=\"_blank\" rel=\"noopener noreferrer\">www.vins-poget.ch<\/a><\/p>\t\t\t\t\t\t\t\t<\/div>\n\t\t\t\t<\/div>\n\t\t\t\t<div class=\"elementor-element elementor-element-838c4ba elementor-widget elementor-widget-google_maps\" data-id=\"838c4ba\" data-element_type=\"widget\" data-e-type=\"widget\" data-settings=\"{&quot;ekit_we_effect_on&quot;:&quot;none&quot;}\" data-widget_type=\"google_maps.default\">\n\t\t\t\t<div class=\"elementor-widget-container\">\n\t\t\t\t\t\t\t<div class=\"elementor-custom-embed\">\n\t\t\t<iframe loading=\"lazy\"\n\t\t\t\t\tsrc=\"https:\/\/maps.google.com\/maps?q=cave%20mirabilis&#038;t=m&#038;z=15&#038;output=embed&#038;iwloc=near\"\n\t\t\t\t\ttitle=\"Mirabilis-Keller\"\n\t\t\t\t\taria-label=\"Mirabilis-Keller\"\n\t\t\t><\/iframe>\n\t\t<\/div>\n\t\t\t\t\t\t<\/div>\n\t\t\t\t<\/div>\n\t\t\t\t\t<\/div>\n\t\t\t\t<\/div>\n\t\t\t\t<\/div>","protected":false},"excerpt":{"rendered":"<p>cave mirabilis Domaine familial de 7.5 ha, cultiv\u00e9, vinifi\u00e9 et commercialis\u00e9 en bouteilles enti\u00e8rement par nos soins. Les vignes se situent sur les communes d&rsquo;Agiez, Montcherand, Orbe, Rances et Valeyres-sous-Rances, ce qui a pour avantage d&rsquo;adapter les c\u00e9pages aux diff\u00e9rents terroirs. Les soins culturaux et les vendanges sont effectu\u00e9s \u00e0 la main. Notre philosophie est [&hellip;]<\/p>\n","protected":false},"author":1,"featured_media":0,"parent":0,"menu_order":0,"comment_status":"closed","ping_status":"closed","template":"elementor_header_footer","meta":{"footnotes":""},"class_list":["post-645","page","type-page","status-publish","hentry"],"_links":{"self":[{"href":"https:\/\/cotes-orbe.ch\/de\/wp-json\/wp\/v2\/pages\/645","targetHints":{"allow":["GET"]}}],"collection":[{"href":"https:\/\/cotes-orbe.ch\/de\/wp-json\/wp\/v2\/pages"}],"about":[{"href":"https:\/\/cotes-orbe.ch\/de\/wp-json\/wp\/v2\/types\/page"}],"author":[{"embeddable":true,"href":"https:\/\/cotes-orbe.ch\/de\/wp-json\/wp\/v2\/users\/1"}],"replies":[{"embeddable":true,"href":"https:\/\/cotes-orbe.ch\/de\/wp-json\/wp\/v2\/comments?post=645"}],"version-history":[{"count":13,"href":"https:\/\/cotes-orbe.ch\/de\/wp-json\/wp\/v2\/pages\/645\/revisions"}],"predecessor-version":[{"id":917,"href":"https:\/\/cotes-orbe.ch\/de\/wp-json\/wp\/v2\/pages\/645\/revisions\/917"}],"wp:attachment":[{"href":"https:\/\/cotes-orbe.ch\/de\/wp-json\/wp\/v2\/media?parent=645"}],"curies":[{"name":"wp","href":"https:\/\/api.w.org\/{rel}","templated":true}]}}