{"id":476,"date":"2025-04-09T09:40:41","date_gmt":"2025-04-09T09:40:41","guid":{"rendered":"https:\/\/cotes-orbe.ch\/?page_id=476"},"modified":"2025-04-19T08:08:50","modified_gmt":"2025-04-19T08:08:50","slug":"concours-du-vin-suisse-bio","status":"publish","type":"page","link":"https:\/\/cotes-orbe.ch\/de\/concours-du-vin-suisse-bio\/","title":{"rendered":"Schweizer Bioweinwettbewerb"},"content":{"rendered":"<div data-elementor-type=\"wp-page\" data-elementor-id=\"476\" class=\"elementor elementor-476\" data-elementor-post-type=\"page\">\n\t\t\t\t<div class=\"elementor-element elementor-element-7fae4d5 e-flex e-con-boxed e-con e-parent\" data-id=\"7fae4d5\" data-element_type=\"container\" data-e-type=\"container\" data-settings=\"{&quot;ekit_has_onepagescroll_dot&quot;:&quot;yes&quot;}\">\n\t\t\t\t\t<div class=\"e-con-inner\">\n\t\t\t\t<div class=\"elementor-element elementor-element-20707d6 elementor-widget elementor-widget-heading\" data-id=\"20707d6\" data-element_type=\"widget\" data-e-type=\"widget\" data-settings=\"{&quot;ekit_we_effect_on&quot;:&quot;none&quot;}\" data-widget_type=\"heading.default\">\n\t\t\t\t<div class=\"elementor-widget-container\">\n\t\t\t\t\t<h1 class=\"elementor-heading-title elementor-size-default\">Schweizer Bioweinwettbewerb<\/h1>\t\t\t\t<\/div>\n\t\t\t\t<\/div>\n\t\t\t\t<div class=\"elementor-element elementor-element-93eb213 elementor-widget elementor-widget-text-editor\" data-id=\"93eb213\" data-element_type=\"widget\" data-e-type=\"widget\" data-settings=\"{&quot;ekit_we_effect_on&quot;:&quot;none&quot;}\" data-widget_type=\"text-editor.default\">\n\t\t\t\t<div class=\"elementor-widget-container\">\n\t\t\t\t\t\t\t\t\t<table><tbody><tr><td>2019<\/td><td>\u00a0<\/td><td>\u00a0<\/td><td><strong>Kategorie<\/strong><\/td><td><strong>Medaille<\/strong><\/td><td><strong>Jahrgang<\/strong><\/td><\/tr><tr><td>\u00a0<\/td><td>\u00a0<\/td><td><strong>2. Preis Kategorie Ros\u00e9<\/strong>\u00a0<\/td><td>\u00a0<\/td><td>\u00a0<\/td><td>\u00a0<\/td><\/tr><tr><td>Schloss Ecl\u00e9pens<\/td><td>Eklepens<\/td><td>Ros\u00e9 \u2013 Ch\u00e2teau Reserve, Grand Cru<\/td><td>Ros\u00e9 und Blanc de Noirs<\/td><td>Gold<\/td><td>2018<\/td><\/tr><tr><td>\u00a0<\/td><td>\u00a0<\/td><td>\u00a0<\/td><td>\u00a0<\/td><td>\u00a0<\/td><td>\u00a0<\/td><\/tr><tr><td>Schloss Ecl\u00e9pens<\/td><td>Eklepens<\/td><td>Wei\u00df \u2013 Ch\u00e2teau Grand Cru Reserve<\/td><td>Chasselas<\/td><td>Geld<\/td><td>2018<\/td><\/tr><tr><td>\u00a0<\/td><td>\u00a0<\/td><td>\u00a0<\/td><td>\u00a0<\/td><td>\u00a0<\/td><td>\u00a0<\/td><\/tr><tr><td>2018<\/td><td>\u00a0<\/td><td>\u00a0<\/td><td>\u00a0<\/td><td>\u00a0<\/td><td>\u00a0<\/td><\/tr><tr><td>\u00a0<\/td><td>\u00a0<\/td><td><strong>1. Preis Kategorie Chasselas<\/strong><\/td><td>\u00a0<\/td><td>\u00a0<\/td><td>\u00a0<\/td><\/tr><tr><td>Schloss Ecl\u00e9pens<\/td><td>Eklepens<\/td><td>Wei\u00df \u2013 Ch\u00e2teau Grand Cru Reserve<\/td><td>Chasselas<\/td><td>Gold<\/td><td>2017<\/td><\/tr><tr><td>\u00a0<\/td><td>\u00a0<\/td><td><strong>2. Preis in der Kategorie Ros\u00e9 und Blanc de Noirs<\/strong>\u00a0<\/td><td>\u00a0<\/td><td>\u00a0<\/td><td>\u00a0<\/td><\/tr><tr><td>Schloss Ecl\u00e9pens<\/td><td>Eklepens<\/td><td>Ros\u00e9 \u2013 Ch\u00e2teau Grand Cru Reserve<\/td><td>Ros\u00e9 und Blanc de Noirs<\/td><td>Gold<\/td><td>2017<\/td><\/tr><\/tbody><\/table>\t\t\t\t\t\t\t\t<\/div>\n\t\t\t\t<\/div>\n\t\t\t\t\t<\/div>\n\t\t\t\t<\/div>\n\t\t\t\t<\/div>","protected":false},"excerpt":{"rendered":"<p>Concours du Vin Suisse Bio 2019 \u00a0 \u00a0 Cat\u00e9gorie M\u00e9daille Mill\u00e9sime \u00a0 \u00a0 2e Prix Cat\u00e9gorie Ros\u00e9s\u00a0 \u00a0 \u00a0 \u00a0 Ch\u00e2teau d&rsquo;Ecl\u00e9pens Ecl\u00e9pens Ros\u00e9 &#8211; R\u00e9serve du Ch\u00e2teau, Grand Cru Ros\u00e9 et Blanc de Noirs Or 2018 \u00a0 \u00a0 \u00a0 \u00a0 \u00a0 \u00a0 Ch\u00e2teau d&rsquo;Ecl\u00e9pens Ecl\u00e9pens Blanc &#8211; R\u00e9serve du Ch\u00e2teau Grand Cru Chasselas Argent [&hellip;]<\/p>\n","protected":false},"author":1,"featured_media":0,"parent":0,"menu_order":0,"comment_status":"closed","ping_status":"closed","template":"elementor_header_footer","meta":{"footnotes":""},"class_list":["post-476","page","type-page","status-publish","hentry"],"_links":{"self":[{"href":"https:\/\/cotes-orbe.ch\/de\/wp-json\/wp\/v2\/pages\/476","targetHints":{"allow":["GET"]}}],"collection":[{"href":"https:\/\/cotes-orbe.ch\/de\/wp-json\/wp\/v2\/pages"}],"about":[{"href":"https:\/\/cotes-orbe.ch\/de\/wp-json\/wp\/v2\/types\/page"}],"author":[{"embeddable":true,"href":"https:\/\/cotes-orbe.ch\/de\/wp-json\/wp\/v2\/users\/1"}],"replies":[{"embeddable":true,"href":"https:\/\/cotes-orbe.ch\/de\/wp-json\/wp\/v2\/comments?post=476"}],"version-history":[{"count":10,"href":"https:\/\/cotes-orbe.ch\/de\/wp-json\/wp\/v2\/pages\/476\/revisions"}],"predecessor-version":[{"id":1145,"href":"https:\/\/cotes-orbe.ch\/de\/wp-json\/wp\/v2\/pages\/476\/revisions\/1145"}],"wp:attachment":[{"href":"https:\/\/cotes-orbe.ch\/de\/wp-json\/wp\/v2\/media?parent=476"}],"curies":[{"name":"wp","href":"https:\/\/api.w.org\/{rel}","templated":true}]}}