{"id":471,"date":"2025-04-09T09:36:24","date_gmt":"2025-04-09T09:36:24","guid":{"rendered":"https:\/\/cotes-orbe.ch\/?page_id=471"},"modified":"2025-04-19T08:09:23","modified_gmt":"2025-04-19T08:09:23","slug":"concours-internationaux","status":"publish","type":"page","link":"https:\/\/cotes-orbe.ch\/de\/concours-internationaux\/","title":{"rendered":"Internationale Wettbewerbe"},"content":{"rendered":"<div data-elementor-type=\"wp-page\" data-elementor-id=\"471\" class=\"elementor elementor-471\" data-elementor-post-type=\"page\">\n\t\t\t\t<div class=\"elementor-element elementor-element-7fae4d5 e-flex e-con-boxed e-con e-parent\" data-id=\"7fae4d5\" data-element_type=\"container\" data-e-type=\"container\" data-settings=\"{&quot;ekit_has_onepagescroll_dot&quot;:&quot;yes&quot;}\">\n\t\t\t\t\t<div class=\"e-con-inner\">\n\t\t\t\t<div class=\"elementor-element elementor-element-20707d6 elementor-widget elementor-widget-heading\" data-id=\"20707d6\" data-element_type=\"widget\" data-e-type=\"widget\" data-settings=\"{&quot;ekit_we_effect_on&quot;:&quot;none&quot;}\" data-widget_type=\"heading.default\">\n\t\t\t\t<div class=\"elementor-widget-container\">\n\t\t\t\t\t<h1 class=\"elementor-heading-title elementor-size-default\">Merlot-Weltcup<\/h1>\t\t\t\t<\/div>\n\t\t\t\t<\/div>\n\t\t\t\t<div class=\"elementor-element elementor-element-93eb213 elementor-widget elementor-widget-text-editor\" data-id=\"93eb213\" data-element_type=\"widget\" data-e-type=\"widget\" data-settings=\"{&quot;ekit_we_effect_on&quot;:&quot;none&quot;}\" data-widget_type=\"text-editor.default\">\n\t\t\t\t<div class=\"elementor-widget-container\">\n\t\t\t\t\t\t\t\t\t<table><tbody><tr><td><strong>2021<\/strong><\/td><td>\u00a0<\/td><td>\u00a0<\/td><td>\u00a0<\/td><td>\u00a0<\/td><\/tr><tr><td>Mirabilis-H\u00f6hle<\/td><td>Handeln Sie<\/td><td>Merlot-Fass<\/td><td>Goldmedaille<\/td><td>Jahrgang 2020<\/td><\/tr><tr><td>Schloss Valeyres<\/td><td>Valeyres-sous-Rances<\/td><td>Vertraulicher Merlot<\/td><td>Silbermedaille<\/td><td>Jahrgang 2019<\/td><\/tr><tr><td>\u00a0<\/td><td>\u00a0<\/td><td>\u00a0<\/td><td>\u00a0<\/td><td>\u00a0<\/td><\/tr><tr><td><strong>2020<\/strong><\/td><td>\u00a0<\/td><td>\u00a0<\/td><td>\u00a0<\/td><td>\u00a0<\/td><\/tr><tr><td>Schloss Valeyres<\/td><td>Valeyres-sous-Rances<\/td><td>Vertraulicher Merlot<\/td><td>Grand Gold<\/td><td>Jahrgang 2018<\/td><\/tr><tr><td>\u00a0<\/td><td>\u00a0<\/td><td>\u00a0<\/td><td>\u00a0<\/td><td>\u00a0<\/td><\/tr><tr><td><strong>2017<\/strong><\/td><td>\u00a0<\/td><td>\u00a0<\/td><td>\u00a0<\/td><td>\u00a0<\/td><\/tr><tr><td>Mirabilis-H\u00f6hle\u00a0\u00a0\u00a0\u00a0\u00a0\u00a0\u00a0<\/td><td>Handeln Sie\u00a0\u00a0\u00a0\u00a0\u00a0\u00a0\u00a0\u00a0\u00a0\u00a0\u00a0\u00a0\u00a0\u00a0\u00a0\u00a0\u00a0\u00a0\u00a0\u00a0<\/td><td>Im Fass gereifter Merlot<\/td><td>Goldmedaille<\/td><\/tr><\/tbody><\/table>\t\t\t\t\t\t\t\t<\/div>\n\t\t\t\t<\/div>\n\t\t\t\t<div class=\"elementor-element elementor-element-e97f43c elementor-widget elementor-widget-heading\" data-id=\"e97f43c\" data-element_type=\"widget\" data-e-type=\"widget\" data-settings=\"{&quot;ekit_we_effect_on&quot;:&quot;none&quot;}\" data-widget_type=\"heading.default\">\n\t\t\t\t<div class=\"elementor-widget-container\">\n\t\t\t\t\t<h2 class=\"elementor-heading-title elementor-size-default\">Internationaler Gamay-Wettbewerb<\/h2>\t\t\t\t<\/div>\n\t\t\t\t<\/div>\n\t\t\t\t<div class=\"elementor-element elementor-element-73a6ab7 elementor-widget elementor-widget-text-editor\" data-id=\"73a6ab7\" data-element_type=\"widget\" data-e-type=\"widget\" data-settings=\"{&quot;ekit_we_effect_on&quot;:&quot;none&quot;}\" data-widget_type=\"text-editor.default\">\n\t\t\t\t<div class=\"elementor-widget-container\">\n\t\t\t\t\t\t\t\t\t<table><tbody><tr><td><strong>2024<\/strong><\/td><td>\u00a0<\/td><td>\u00a0<\/td><td>\u00a0<\/td><td>\u00a0<\/td><\/tr><tr><td>Schloss Valeyres<\/td><td>Valeyres-sous-Rances<\/td><td>Original Jahrgang<\/td><td>Silbermedaille<\/td><td>Jahrgang 2022<\/td><\/tr><tr><td>H\u00f6hle der 13 H\u00fcgel<\/td><td>Arnex-sur-Orbe<\/td><td>Aurora von Gamay XIII Gold<\/td><td>Silbermedaille<\/td><td>Jahrgang 2020<\/td><\/tr><tr><td>\u00a0<\/td><td>\u00a0<\/td><td>\u00a0<\/td><td>\u00a0<\/td><td>\u00a0<\/td><\/tr><tr><td><strong>2023<\/strong><\/td><td>\u00a0<\/td><td>\u00a0<\/td><td>\u00a0<\/td><td>\u00a0<\/td><\/tr><tr><td>H\u00f6hle der 13 H\u00fcgel<\/td><td>Arnex-sur-Orbe<\/td><td>Aurora von Gamay XIII Gold<\/td><td>Goldmedaille<\/td><td>Jahrgang 2019<\/td><\/tr><tr><td>Schloss Valeyres<\/td><td>Valeyres-sous-Rances<\/td><td>Gamay vertraulich<\/td><td>Silbermedaille<\/td><td>Jahrgang 2021<\/td><\/tr><\/tbody><\/table><table><tbody><tr><td><strong>2022 \u2013 Lyon<\/strong><\/td><td>\u00a0<\/td><td>\u00a0<\/td><td>\u00a0<\/td><td>\u00a0<\/td><\/tr><tr><td>H\u00f6hle der 13 H\u00fcgel<\/td><td>Arnex-sur-Orbe<\/td><td>Aurora von Gamay XIII Gold<\/td><td>Goldmedaille<\/td><td>Jahrgang 2018<\/td><\/tr><tr><td>H\u00f6hle der 13 H\u00fcgel<\/td><td>Arnex-sur-Orbe<\/td><td>Aurora von Gamay XIII Gold<\/td><td>Silbermedaille<\/td><td>Jahrgang 2019<\/td><\/tr><tr><td>H\u00f6hle der 13 H\u00fcgel<\/td><td>Arnex-sur-Orbe<\/td><td>Aurora von Gamay XIII Gold<\/td><td>Silbermedaille<\/td><td>Jahrgang 2020<\/td><\/tr><tr><td>\u00a0<\/td><td>\u00a0<\/td><td>\u00a0<\/td><td>\u00a0<\/td><td>\u00a0<\/td><\/tr><tr><td><strong>2021 \u2013 Lyon<\/strong><\/td><td>\u00a0<\/td><td>\u00a0<\/td><td>\u00a0<\/td><td>\u00a0<\/td><\/tr><tr><td>Schloss Valeyres<\/td><td>Valeyres-sous-Rances<\/td><td>Gamay vertraulich<\/td><td>Silbermedaille<\/td><td>Jahrgang 2019<\/td><\/tr><tr><td>H\u00f6hle der 13 H\u00fcgel<\/td><td>Arnex-sur-Orbe<\/td><td>Aurora von Gamay XIII Gold<\/td><td>Silbermedaille<\/td><td>Jahrgang 2018<\/td><\/tr><tr><td>\u00a0<\/td><td>\u00a0<\/td><td>\u00a0<\/td><td>\u00a0<\/td><td>\u00a0<\/td><\/tr><tr><td><strong>2019 \u2013 Lyon<\/strong><\/td><td>\u00a0<\/td><td>\u00a0<\/td><td>\u00a0<\/td><td>\u00a0<\/td><\/tr><tr><td>Mirabilis-H\u00f6hle<\/td><td>Handeln Sie<\/td><td>Gamay Barrique Le Clos<\/td><td>Silbermedaille<\/td><td>Jahrgang 2017<\/td><\/tr><tr><td>H\u00f6hle der 13 H\u00fcgel<\/td><td>Arnex-sur-Orbe<\/td><td>Aurora von Gamay XIII Gold<\/td><td>Silbermedaille<\/td><td>Jahrgang 2017<\/td><\/tr><tr><td>\u00a0<\/td><td>\u00a0<\/td><td>\u00a0<\/td><td>\u00a0<\/td><td>\u00a0<\/td><\/tr><tr><td><strong>2018 \u2013 Lyon<\/strong><\/td><td>\u00a0<\/td><td>\u00a0<\/td><td>\u00a0<\/td><td>\u00a0<\/td><\/tr><tr><td>H\u00f6hle der 13 H\u00fcgel<\/td><td>Arnex-sur-Orbe<\/td><td>Gamay Ros\u00e9 Cicadelles<\/td><td>Silbermedaille<\/td><td>Jahrgang 2016<\/td><\/tr><tr><td>H\u00f6hle der 13 H\u00fcgel<\/td><td>Arnex-sur-Orbe<\/td><td>Gamay Ruby<\/td><td>Silbermedaille<\/td><td>Jahrgang 2016<\/td><\/tr><tr><td>H\u00f6hle der 13 H\u00fcgel<\/td><td>Arnex-sur-Orbe<\/td><td>Aurora von Gamay XIII Gold<\/td><td>Silbermedaille<\/td><td>Jahrgang 2015<\/td><\/tr><tr><td>Schloss Valeyres<\/td><td>Valeyres-sous-Rances<\/td><td>Gamay vertraulich<\/td><td>Silbermedaille<\/td><td>Jahrgang 2016<\/td><\/tr><tr><td>Schloss Valeyres<\/td><td>Valeyres-sous-Rances<\/td><td>Original Jahrgang<\/td><td>Silbermedaille<\/td><td>Jahrgang 2016<\/td><\/tr><tr><td>\u00a0<\/td><td>\u00a0<\/td><td>\u00a0<\/td><td>\u00a0<\/td><td>\u00a0<\/td><\/tr><tr><td><strong>2017 \u2013 Lyon<\/strong><\/td><td>\u00a0<\/td><td>\u00a0<\/td><td>\u00a0<\/td><td>\u00a0<\/td><\/tr><tr><td>H\u00f6hle der 13 H\u00fcgel<\/td><td>Arnex-sur-Orbe<\/td><td>Gamay-Rubin<\/td><td>Goldmedaille<\/td><td>Jahrgang 2015<\/td><\/tr><tr><td>Schloss Valeyres<\/td><td>Valeyres-sous-Rances<\/td><td>Original Jahrgang<\/td><td>Goldmedaille<\/td><td>Jahrgang 2015<\/td><\/tr><tr><td>Schloss Valeyres<\/td><td>Valeyres-sous-Rances<\/td><td>Gamay vertraulich<\/td><td>Goldmedaille<\/td><td>Jahrgang 2015<\/td><\/tr><tr><td>Schloss Valeyres<\/td><td>Valeyres-sous-Rances<\/td><td>Der Gavotte Ros\u00e9 aus Gamay<\/td><td>Goldmedaille<\/td><td>Jahrgang 2015<\/td><\/tr><tr><td>\u00a0<\/td><td>\u00a0<\/td><td>\u00a0<\/td><td>\u00a0<\/td><td>\u00a0<\/td><\/tr><tr><td><strong>2016 \u2013 Lyon<\/strong><\/td><td>\u00a0<\/td><td>\u00a0<\/td><td>\u00a0<\/td><td>\u00a0<\/td><\/tr><tr><td>H\u00f6hle der 13 H\u00fcgel<\/td><td>Arnex-sur-Orbe<\/td><td>Aurora von Gamay<\/td><td>Goldmedaille<\/td><td>Jahrgang 2014<\/td><\/tr><tr><td>\u00a0<\/td><td>\u00a0<\/td><td>\u00a0<\/td><td>\u00a0<\/td><td>\u00a0<\/td><\/tr><tr><td><strong>2015 \u2013 Lyon<\/strong><\/td><td>\u00a0<\/td><td>\u00a0<\/td><td>\u00a0<\/td><td>\u00a0<\/td><\/tr><tr><td>H\u00f6hle der 13 H\u00fcgel<\/td><td>Arnex-sur-Orbe<\/td><td>Gamay Ros\u00e9 Cicadelles<\/td><td>Goldmedaille<\/td><td>Jahrgang 2013<\/td><\/tr><tr><td>Schloss Valeyres<\/td><td>Valeyres-sous-Rances<\/td><td>Gamay vertraulich<\/td><td>Goldmedaille<\/td><td>Jahrgang 2013<\/td><\/tr><tr><td>H\u00f6hle der 13 H\u00fcgel<\/td><td>Arnex-sur-Orbe<\/td><td>Gamay Ruby<\/td><td>Silbermedaille\u00a0<\/td><td>Jahrgang 2013<\/td><\/tr><\/tbody><\/table><p>\u00a0<\/p><table border=\"0\" align=\"center\"><tbody><tr><td><strong>2013 \u2013 Lyon\u00a0<\/strong><\/td><td>\u00a0<\/td><td>\u00a0<\/td><td>\u00a0<\/td><td>\u00a0<\/td><\/tr><tr><td>H\u00f6hle der 13 H\u00fcgel<\/td><td>Arnex-sur-Orbe<\/td><td>Aurora von Gamay XIII Gold<\/td><td>Grand Gold<\/td><td>Jahrgang 2011<\/td><\/tr><tr><td>H\u00f6hle der 13 H\u00fcgel\u00a0<\/td><td>Arnex-sur-Orbe<\/td><td>Aurora von Gamay XIII Gold<\/td><td>Goldmedaille<\/td><td>Jahrgang 2010<\/td><\/tr><tr><td>\u00a0<\/td><td>\u00a0<\/td><td>\u00a0<\/td><td>\u00a0<\/td><td>\u00a0<\/td><\/tr><tr><td><strong>2012\u00a0<\/strong><\/td><td>\u00a0<\/td><td>\u00a0<\/td><td>\u00a0<\/td><td>\u00a0<\/td><\/tr><tr><td>Schloss Valeyres\u00a0<\/td><td>Valeyres-sous-Rances<\/td><td>\u00ab&quot;Vertraulich&quot;\u00bb<\/td><td>Goldmedaille<\/td><td>Jahrgang 2010<\/td><\/tr><tr><td>Schloss Valeyres<\/td><td>Valeyres-sous-Rances<\/td><td>\u00ab&quot;Vertraulich&quot;\u00bb<\/td><td>Goldmedaille<\/td><td>Jahrgang 2009<\/td><\/tr><tr><td>Dreizehn H\u00fcgel\u00a0<\/td><td>Arnex-sur-Orbe<\/td><td>\u00a0<\/td><td>Silbermedaille<\/td><td>Jahrgang 2010<\/td><\/tr><tr><td>\u00a0<\/td><td>\u00a0<\/td><td>\u00a0<\/td><td>\u00a0<\/td><td>\u00a0<\/td><\/tr><tr><td><strong>2011<\/strong><\/td><td>\u00a0<\/td><td>\u00a0<\/td><td>\u00a0<\/td><td>\u00a0<\/td><\/tr><tr><td>Schloss Ecl\u00e9pens<\/td><td>Eklepens<\/td><td>\u00abGamay\u00bb<\/td><td>Silbermedaille<\/td><td>Jahrgang 2009<\/td><\/tr><\/tbody><\/table>\t\t\t\t\t\t\t\t<\/div>\n\t\t\t\t<\/div>\n\t\t\t\t<div class=\"elementor-element elementor-element-0343e0b elementor-widget elementor-widget-heading\" data-id=\"0343e0b\" data-element_type=\"widget\" data-e-type=\"widget\" data-settings=\"{&quot;ekit_we_effect_on&quot;:&quot;none&quot;}\" data-widget_type=\"heading.default\">\n\t\t\t\t<div class=\"elementor-widget-container\">\n\t\t\t\t\t<h3 class=\"elementor-heading-title elementor-size-default\">Welt-Chasselas-Wettbewerb<\/h3>\t\t\t\t<\/div>\n\t\t\t\t<\/div>\n\t\t\t\t<div class=\"elementor-element elementor-element-15eacd2 elementor-widget elementor-widget-text-editor\" data-id=\"15eacd2\" data-element_type=\"widget\" data-e-type=\"widget\" data-settings=\"{&quot;ekit_we_effect_on&quot;:&quot;none&quot;}\" data-widget_type=\"text-editor.default\">\n\t\t\t\t<div class=\"elementor-widget-container\">\n\t\t\t\t\t\t\t\t\t<table border=\"0\" align=\"center\"><tbody><tr><td><strong>2023<\/strong><\/td><td>\u00a0<\/td><td>\u00a0<\/td><td>\u00a0<\/td><td>\u00a0<\/td><\/tr><tr><td>Mirabilis-H\u00f6hle<\/td><td>Handeln Sie<\/td><td>Chasselas-Tradition<\/td><td>Goldmedaille<\/td><td>Jahrgang 2022<\/td><\/tr><tr><td>H\u00f6hle der 13 H\u00fcgel<\/td><td>Arnex-sur-Orbe<\/td><td>Chasselas 13 H\u00e4nge<\/td><td>Silbermedaille<\/td><td>Jahrgang 2022<\/td><\/tr><tr><td>\u00a0<\/td><td>\u00a0<\/td><td>\u00a0<\/td><td>\u00a0<\/td><td>\u00a0<\/td><\/tr><tr><td><strong>2022<\/strong><\/td><td>\u00a0<\/td><td>\u00a0<\/td><td>\u00a0<\/td><td>\u00a0<\/td><\/tr><tr><td>H\u00f6hle der 13 H\u00fcgel<\/td><td>Arnex-sur-Orbe<\/td><td>Chasselas 13 H\u00e4nge<\/td><td>Goldmedaille<\/td><td>Jahrgang 2021<\/td><\/tr><tr><td>\u00a0<\/td><td>\u00a0<\/td><td>\u00a0<\/td><td>\u00a0<\/td><td>\u00a0<\/td><\/tr><tr><td><strong>2021<\/strong><\/td><td>\u00a0<\/td><td>\u00a0<\/td><td>\u00a0<\/td><td>\u00a0<\/td><\/tr><tr><td>Mirabilis-H\u00f6hle\u00a0\u00a0\u00a0<\/td><td>Handeln Sie<\/td><td>Bellevue Coast<\/td><td>Silbermedaille<\/td><td>Jahrgang 2020<\/td><\/tr><tr><td>Schloss Valeyres<\/td><td>Valeyres-sous-Rances<\/td><td>Ovalis<\/td><td>Goldmedaille<\/td><td>Jahrgang 2020<\/td><\/tr><tr><td>\u00a0<\/td><td>\u00a0<\/td><td>\u00a0<\/td><td>\u00a0<\/td><td>\u00a0<\/td><\/tr><tr><td><strong>2019<\/strong><\/td><td>\u00a0<\/td><td>\u00a0<\/td><td>\u00a0<\/td><td>\u00a0<\/td><\/tr><tr><td>Schloss Valeyres<\/td><td>Valeyres-sous-Rances<\/td><td>Auftakt<\/td><td>Goldmedaille<\/td><td>Jahrgang 2018<\/td><\/tr><tr><td>\u00a0<\/td><td>\u00a0<\/td><td>\u00a0<\/td><td>\u00a0<\/td><td>\u00a0<\/td><\/tr><tr><td><strong>2015<\/strong><\/td><td>\u00a0<\/td><td>\u00a0<\/td><td>\u00a0<\/td><td>\u00a0<\/td><\/tr><tr><td>H\u00f6hle der W\u00e4nde<\/td><td>Arnex-sur-Orbe<\/td><td>Jade-Chasselas<\/td><td>Silbermedaille<\/td><td>Jahrgang 2014<\/td><\/tr><tr><td>\u00a0<\/td><td>\u00a0<\/td><td>\u00a0<\/td><td>\u00a0<\/td><td>\u00a0<\/td><\/tr><tr><td><strong>2014<\/strong><\/td><td>\u00a0<\/td><td>\u00a0<\/td><td>\u00a0<\/td><td>\u00a0<\/td><\/tr><tr><td>H\u00f6hle der 13 H\u00fcgel<\/td><td>Arnex-sur-Orbe<\/td><td>Chasselas<\/td><td>Silbermedaille<\/td><td>Jahrgang 2013<\/td><\/tr><\/tbody><\/table>\t\t\t\t\t\t\t\t<\/div>\n\t\t\t\t<\/div>\n\t\t\t\t<div class=\"elementor-element elementor-element-e56ba43 elementor-widget elementor-widget-heading\" data-id=\"e56ba43\" data-element_type=\"widget\" data-e-type=\"widget\" data-settings=\"{&quot;ekit_we_effect_on&quot;:&quot;none&quot;}\" data-widget_type=\"heading.default\">\n\t\t\t\t<div class=\"elementor-widget-container\">\n\t\t\t\t\t<h4 class=\"elementor-heading-title elementor-size-default\">Welt-Pinot-Noir-Wettbewerb<\/h4>\t\t\t\t<\/div>\n\t\t\t\t<\/div>\n\t\t\t\t<div class=\"elementor-element elementor-element-5b898b7 elementor-widget elementor-widget-text-editor\" data-id=\"5b898b7\" data-element_type=\"widget\" data-e-type=\"widget\" data-settings=\"{&quot;ekit_we_effect_on&quot;:&quot;none&quot;}\" data-widget_type=\"text-editor.default\">\n\t\t\t\t<div class=\"elementor-widget-container\">\n\t\t\t\t\t\t\t\t\t<table border=\"0\" align=\"center\"><tbody><tr><td><strong>2023<\/strong><\/td><td>\u00a0<\/td><td>\u00a0<\/td><td>\u00a0<\/td><td>\u00a0<\/td><\/tr><tr><td>Schloss Valeyres<\/td><td>Valeyres-sous-Rances<\/td><td>\u00ab&quot;Pinot Noir Confidential&quot;\u00bb<\/td><td>Silbermedaille<\/td><td>Jahrgang 2022<\/td><\/tr><tr><td>Combe Keller<\/td><td>Mathod<\/td><td>Brut Ron\u00e9<\/td><td>Silbermedaille<\/td><td>\u00a0<\/td><\/tr><tr><td>\u00a0<\/td><td>\u00a0<\/td><td>\u00a0<\/td><td>\u00a0<\/td><td>\u00a0<\/td><\/tr><tr><td><strong>2022<\/strong><\/td><td>\u00a0<\/td><td>\u00a0<\/td><td>\u00a0<\/td><td>\u00a0<\/td><\/tr><tr><td>H\u00f6hle der 13 H\u00fcgel<\/td><td>Arnex-sur-Orbe<\/td><td>Nachtlicht<\/td><td>Goldmedaille<\/td><td>Jahrgang 2020<\/td><\/tr><tr><td>H\u00f6hle der 13 H\u00fcgel<\/td><td>Arnex-sur-Orbe<\/td><td>Pinot Noir Urbanoir<\/td><td>Silbermedaille<\/td><td>Jahrgang 2020<\/td><\/tr><tr><td>\u00a0<\/td><td>\u00a0<\/td><td>\u00a0<\/td><td>\u00a0<\/td><td>\u00a0<\/td><\/tr><tr><td><strong>2020<\/strong><\/td><td>\u00a0<\/td><td>\u00a0<\/td><td>\u00a0<\/td><td>\u00a0<\/td><\/tr><tr><td>Combe Keller<\/td><td>Mathod<\/td><td>&quot;Rebhuhnauge&quot;<\/td><td>Silbermedaille<\/td><td>Jahrgang 2019<\/td><\/tr><tr><td>Anwesen Dumi\u00e8res<\/td><td>Champvent<\/td><td>\u00ab&quot;Mitternachtssonne&quot;\u00bb<\/td><td>Silbermedaille<\/td><td>Jahrgang 2018<\/td><\/tr><tr><td>\u00a0<\/td><td>\u00a0<\/td><td>\u00a0<\/td><td>\u00a0<\/td><td>\u00a0<\/td><\/tr><tr><td><strong>2018<\/strong><\/td><td>\u00a0<\/td><td>\u00a0<\/td><td>\u00a0<\/td><td>\u00a0<\/td><\/tr><tr><td>Schloss Valeyres<\/td><td>Valeyres-sous-Rances<\/td><td>\u00ab&quot;Pinot Noir Confidential&quot;\u00bb<\/td><td>Goldmedaille<\/td><td>Jahrgang 2016<\/td><\/tr><tr><td>H\u00f6hle der 13 H\u00fcgel<\/td><td>Arnex-sur-Orbe<\/td><td>&quot;Rebhuhnauge&quot;<\/td><td>Silbermedaille<\/td><td>Jahrgang 2017<\/td><\/tr><tr><td>\u00a0<\/td><td>\u00a0<\/td><td>\u00a0<\/td><td>\u00a0<\/td><td>\u00a0<\/td><\/tr><tr><td><strong>2017<\/strong><\/td><td>\u00a0<\/td><td>\u00a0<\/td><td>\u00a0<\/td><td>\u00a0<\/td><\/tr><tr><td>Mirabilis-H\u00f6hle<\/td><td>Handeln Sie<\/td><td>&quot;Pinot Noir&quot;<\/td><td>Goldmedaille<\/td><td>Jahrgang 2016<\/td><\/tr><tr><td>Anwesen Dumi\u00e8res<\/td><td>Champvent<\/td><td>\u00ab&quot;Mitternachtssonne&quot;\u00bb<\/td><td>Silbermedaille<\/td><td>Jahrgang 2015<\/td><\/tr><tr><td>Schloss Ecl\u00e9pens<\/td><td>Eklepens<\/td><td>Brut Traditionelle Methode\u00a0<\/td><td>Silbermedaille\u00a0<\/td><td>\u00a0<\/td><\/tr><tr><td>\u00a0<\/td><td>\u00a0<\/td><td>\u00a0<\/td><td>\u00a0<\/td><td>\u00a0<\/td><\/tr><tr><td><strong>2015<\/strong><\/td><td>\u00a0<\/td><td>\u00a0<\/td><td>\u00a0<\/td><td>\u00a0<\/td><\/tr><tr><td>H\u00f6hle der 13 H\u00fcgel<\/td><td>Arnex-sur-Orbe<\/td><td>\u00ab&quot;Urbanoir&quot;\u00bb<\/td><td>Silbermedaille<\/td><td>Jahrgang 2014<\/td><\/tr><tr><td>\u00a0<\/td><td>\u00a0<\/td><td>\u00a0<\/td><td>\u00a0<\/td><td>\u00a0<\/td><\/tr><tr><td><strong>2014<\/strong><\/td><td>\u00a0<\/td><td>\u00a0<\/td><td>\u00a0<\/td><td>\u00a0<\/td><\/tr><tr><td>H\u00f6hle der 13 H\u00fcgel<\/td><td>Arnex-sur-Orbe<\/td><td>\u00ab&quot;Urbanoir&quot;\u00bb<\/td><td>Silbermedaille<\/td><td>Jahrgang 2013<\/td><\/tr><tr><td>H\u00f6hle der 13 H\u00fcgel<\/td><td>Arnex-sur-Orbe<\/td><td>\u00ab&quot;Urbanoir&quot;\u00bb<\/td><td>Silbermedaille<\/td><td>Jahrgang 2010<\/td><\/tr><tr><td>Anwesen Dumi\u00e8res<\/td><td>Champvent<\/td><td>\u00ab&quot;Mitternachtssonne&quot;\u00bb<\/td><td>Silbermedaille<\/td><td>Jahrgang 2012<\/td><\/tr><tr><td>\u00a0<\/td><td>\u00a0<\/td><td>\u00a0<\/td><td>\u00a0<\/td><td>\u00a0<\/td><\/tr><tr><td><strong>2013<\/strong><\/td><td>\u00a0<\/td><td>\u00a0<\/td><td>\u00a0<\/td><td>\u00a0<\/td><\/tr><tr><td>Mirabilis-H\u00f6hle<\/td><td>Handeln Sie<\/td><td>&quot;Pinot Noir&quot;<\/td><td>Silbermedaille<\/td><td>Jahrgang 2013<\/td><\/tr><tr><td>\u00a0<\/td><td>\u00a0<\/td><td>\u00a0<\/td><td>\u00a0<\/td><td>\u00a0<\/td><\/tr><tr><td><strong>2012<\/strong><\/td><td>\u00a0<\/td><td>\u00a0<\/td><td>\u00a0<\/td><td>\u00a0<\/td><\/tr><tr><td>H\u00f6hle der 13 H\u00fcgel<\/td><td>Arnex-sur-Orbe<\/td><td>\u00ab&quot;Urbanoir&quot;\u00bb<\/td><td>Silbermedaille<\/td><td>Jahrgang 2011<\/td><\/tr><tr><td>Anwesen Dumi\u00e8res<\/td><td>Champvent<\/td><td>\u00ab&quot;Mitternachtssonne&quot;\u00bb<\/td><td>Silbermedaille<\/td><td>Jahrgang 2010<\/td><\/tr><tr><td>Schloss Ecl\u00e9pens<\/td><td>Eklepens<\/td><td>&quot;Pinot Noir&quot;<\/td><td>Silbermedaille<\/td><td>Jahrgang 2010<\/td><\/tr><\/tbody><\/table>\t\t\t\t\t\t\t\t<\/div>\n\t\t\t\t<\/div>\n\t\t\t\t<div class=\"elementor-element elementor-element-a8833ef elementor-widget elementor-widget-heading\" data-id=\"a8833ef\" data-element_type=\"widget\" data-e-type=\"widget\" data-settings=\"{&quot;ekit_we_effect_on&quot;:&quot;none&quot;}\" data-widget_type=\"heading.default\">\n\t\t\t\t<div class=\"elementor-widget-container\">\n\t\t\t\t\t<h5 class=\"elementor-heading-title elementor-size-default\">Vinalies Paris<\/h5>\t\t\t\t<\/div>\n\t\t\t\t<\/div>\n\t\t\t\t<div class=\"elementor-element elementor-element-49bda5f elementor-widget elementor-widget-text-editor\" data-id=\"49bda5f\" data-element_type=\"widget\" data-e-type=\"widget\" data-settings=\"{&quot;ekit_we_effect_on&quot;:&quot;none&quot;}\" data-widget_type=\"text-editor.default\">\n\t\t\t\t<div class=\"elementor-widget-container\">\n\t\t\t\t\t\t\t\t\t<table border=\"0\" align=\"center\"><tbody><tr><td><strong>2013<\/strong><\/td><td>\u00a0<\/td><td>\u00a0<\/td><td>\u00a0<\/td><td>\u00a0<\/td><\/tr><tr><td>Schloss Valeyres<\/td><td>Valeyres-sous-Rances<\/td><td>\u00ab&quot;De Gallera&quot; Fassmischung<\/td><td>Silbermedaille<\/td><td>Jahrgang 2011<\/td><\/tr><\/tbody><\/table>\t\t\t\t\t\t\t\t<\/div>\n\t\t\t\t<\/div>\n\t\t\t\t\t<\/div>\n\t\t\t\t<\/div>\n\t\t\t\t<\/div>","protected":false},"excerpt":{"rendered":"<p>Mondial du Merlot 2021 \u00a0 \u00a0 \u00a0 \u00a0 Cave Mirabilis Agiez Merlot Barrique M\u00e9daille d&rsquo;Or Mill\u00e9sime 2020 Ch\u00e2teau de Valeyres Valeyres-sous-Rances Merlot Confidentiel M\u00e9daille d&rsquo;Argent Mill\u00e9sime 2019 \u00a0 \u00a0 \u00a0 \u00a0 \u00a0 2020 \u00a0 \u00a0 \u00a0 \u00a0 Ch\u00e2teau de Valeyres Valeyres-sous-Rances Merlot Confidentiel Grand Or Mill\u00e9sime 2018 \u00a0 \u00a0 \u00a0 \u00a0 \u00a0 2017 \u00a0 \u00a0 [&hellip;]<\/p>\n","protected":false},"author":1,"featured_media":0,"parent":0,"menu_order":0,"comment_status":"closed","ping_status":"closed","template":"elementor_header_footer","meta":{"footnotes":""},"class_list":["post-471","page","type-page","status-publish","hentry"],"_links":{"self":[{"href":"https:\/\/cotes-orbe.ch\/de\/wp-json\/wp\/v2\/pages\/471","targetHints":{"allow":["GET"]}}],"collection":[{"href":"https:\/\/cotes-orbe.ch\/de\/wp-json\/wp\/v2\/pages"}],"about":[{"href":"https:\/\/cotes-orbe.ch\/de\/wp-json\/wp\/v2\/types\/page"}],"author":[{"embeddable":true,"href":"https:\/\/cotes-orbe.ch\/de\/wp-json\/wp\/v2\/users\/1"}],"replies":[{"embeddable":true,"href":"https:\/\/cotes-orbe.ch\/de\/wp-json\/wp\/v2\/comments?post=471"}],"version-history":[{"count":10,"href":"https:\/\/cotes-orbe.ch\/de\/wp-json\/wp\/v2\/pages\/471\/revisions"}],"predecessor-version":[{"id":1142,"href":"https:\/\/cotes-orbe.ch\/de\/wp-json\/wp\/v2\/pages\/471\/revisions\/1142"}],"wp:attachment":[{"href":"https:\/\/cotes-orbe.ch\/de\/wp-json\/wp\/v2\/media?parent=471"}],"curies":[{"name":"wp","href":"https:\/\/api.w.org\/{rel}","templated":true}]}}