{"id":466,"date":"2025-04-09T09:34:46","date_gmt":"2025-04-09T09:34:46","guid":{"rendered":"https:\/\/cotes-orbe.ch\/?page_id=466"},"modified":"2025-04-19T08:12:31","modified_gmt":"2025-04-19T08:12:31","slug":"grand-prix-du-vin-suisse","status":"publish","type":"page","link":"https:\/\/cotes-orbe.ch\/de\/grand-prix-du-vin-suisse\/","title":{"rendered":"Grand Prix der Schweizer Weine"},"content":{"rendered":"<div data-elementor-type=\"wp-page\" data-elementor-id=\"466\" class=\"elementor elementor-466\" data-elementor-post-type=\"page\">\n\t\t\t\t<div class=\"elementor-element elementor-element-7fae4d5 e-flex e-con-boxed e-con e-parent\" data-id=\"7fae4d5\" data-element_type=\"container\" data-e-type=\"container\" data-settings=\"{&quot;ekit_has_onepagescroll_dot&quot;:&quot;yes&quot;}\">\n\t\t\t\t\t<div class=\"e-con-inner\">\n\t\t\t\t<div class=\"elementor-element elementor-element-20707d6 elementor-widget elementor-widget-heading\" data-id=\"20707d6\" data-element_type=\"widget\" data-e-type=\"widget\" data-settings=\"{&quot;ekit_we_effect_on&quot;:&quot;none&quot;}\" data-widget_type=\"heading.default\">\n\t\t\t\t<div class=\"elementor-widget-container\">\n\t\t\t\t\t<h1 class=\"elementor-heading-title elementor-size-default\">Grand Prix der Schweizer Weine<\/h1>\t\t\t\t<\/div>\n\t\t\t\t<\/div>\n\t\t\t\t<div class=\"elementor-element elementor-element-93eb213 elementor-widget elementor-widget-text-editor\" data-id=\"93eb213\" data-element_type=\"widget\" data-e-type=\"widget\" data-settings=\"{&quot;ekit_we_effect_on&quot;:&quot;none&quot;}\" data-widget_type=\"text-editor.default\">\n\t\t\t\t<div class=\"elementor-widget-container\">\n\t\t\t\t\t\t\t\t\t<table border=\"0\" align=\"center\"><tbody><tr><td><strong>2023<\/strong><\/td><td>\u00a0<\/td><td>\u00a0<\/td><td><strong>Medaille<\/strong><\/td><td><strong>Jahrgang<\/strong><\/td><\/tr><tr><td>Schloss Valeyres\u00a0\u00a0<\/td><td>Valeyres-sous-Rances\u00a0\u00a0<\/td><td>Wein f\u00fcr den 4. Platz in der Kategorie Gamay nominiert \u2013 Gamay Confidential<\/td><td>Gold \/ Gold<\/td><td>2021<\/td><\/tr><tr><td>Schloss Valeyres\u00a0\u00a0<\/td><td>Valeyres-sous-Rances\u00a0\u00a0<\/td><td>Opalin-S\u00fc\u00dfwein<\/td><td>Gold \/ Gold<\/td><td>2022<\/td><\/tr><tr><td>H\u00f6hle der 13 H\u00fcgel<\/td><td>Arnex-sur-Orbe\u00a0<\/td><td>Esprit de Baulmes XIII oder Rotweinmischung<\/td><td>Gold \/ Gold<\/td><td>\u00a0<\/td><\/tr><tr><td>Schloss Valeyres\u00a0\u00a0<\/td><td>Valeyres-sous-Rances\u00a0<\/td><td>St-Jacques Riesling x Sylvaner Reserve<\/td><td>Silber<\/td><td>2022<\/td><\/tr><tr><td>Schloss Valeyres\u00a0\u00a0<\/td><td>Valeyres-sous-Rances\u00a0<\/td><td>Aus Gallina Rotweinmischungen<\/td><td>Silber<\/td><td>2021<\/td><\/tr><tr><td>H\u00f6hle der 13 H\u00fcgel<\/td><td>Arnex-sur-Orbe\u00a0<\/td><td>Partridge Eye Ros\u00e9 aus Pinot<\/td><td>Silber<\/td><td>2022<\/td><\/tr><tr><td>H\u00f6hle der 13 H\u00fcgel<\/td><td>Arnex-sur-Orbe\u00a0<\/td><td>Divico<\/td><td>Silber<\/td><td>2021<\/td><\/tr><tr><td>Chautems Olivier und Monnier JJ.<\/td><td>\u00a0<\/td><td>Mitternachtssonne Pinot Noir<\/td><td>Silber<\/td><td>2021<\/td><\/tr><tr><td>\u00a0<\/td><td>\u00a0<\/td><td>\u00a0<\/td><td>\u00a0<\/td><td>\u00a0<\/td><\/tr><tr><td><strong>2022<\/strong><\/td><td>\u00a0<\/td><td>\u00a0<\/td><td>\u00a0<\/td><td>\u00a0<\/td><\/tr><tr><td>Combe Keller<\/td><td>Mathod<\/td><td>2. Platz in der Kategorie Monsseux Brut<\/td><td>Gold \/ Gold<\/td><td>\u00a0<\/td><\/tr><tr><td>Combe Keller<\/td><td>Mathod<\/td><td>3. Platz in der Kategorie Imperial Sekt<\/td><td>Gold \/ Gold<\/td><td>\u00a0<\/td><\/tr><tr><td>H\u00f6hle der 13 H\u00fcgel<\/td><td>Arnex-sur-Orbe\u00a0<\/td><td>4. Platz Aurore de Gamay XIII Gold<\/td><td>Gold \/ Gold<\/td><td>2018<\/td><\/tr><tr><td>H\u00f6hle der 13 H\u00fcgel<\/td><td>Arnex-sur-Orbe\u00a0<\/td><td>Chasselas 13 H\u00e4nge<\/td><td>Gold \/ Gold<\/td><td>2021<\/td><\/tr><tr><td>H\u00f6hle der 13 H\u00fcgel<\/td><td>Arnex-sur-Orbe\u00a0<\/td><td>Viognier-Auswahl<\/td><td>Gold \/ Gold<\/td><td>2020<\/td><\/tr><tr><td>Schloss Valeyres\u00a0\u00a0<\/td><td>Valeyres-sous-Rances\u00a0\u00a0<\/td><td>Vertraulicher Merlot<\/td><td>Gold \/ Gold<\/td><td>2020<\/td><\/tr><tr><td>Schloss Valeyres\u00a0\u00a0<\/td><td>Valeyres-sous-Rances<\/td><td>Chasselas-Pr\u00e9lude<\/td><td>Silber<\/td><td>2021<\/td><\/tr><tr><td>Schloss Valeyres\u00a0\u00a0<\/td><td>Valeyres-sous-Rances<\/td><td>Baron Blanc Pinot Blanc<\/td><td>Silber<\/td><td>2021<\/td><\/tr><tr><td>Schloss Valeyres\u00a0\u00a0<\/td><td>Valeyres-sous-Rances<\/td><td>Die Courson Red Blend<\/td><td>Silber<\/td><td>2021<\/td><\/tr><tr><td>H\u00f6hle der 13 H\u00fcgel<\/td><td>Arnex-sur-Orbe\u00a0<\/td><td>Partridge Eye Ros\u00e9 aus Pinot<\/td><td>Silber<\/td><td>2021<\/td><\/tr><tr><td>H\u00f6hle der 13 H\u00fcgel<\/td><td>Arnex-sur-Orbe\u00a0<\/td><td>Urbanoir Pinot Noir<\/td><td>Silber<\/td><td>2020<\/td><\/tr><tr><td>H\u00f6hle der 13 H\u00fcgel<\/td><td>Arnex-sur-Orbe\u00a0<\/td><td>Rote Schnecke<\/td><td>Silber<\/td><td>2020<\/td><\/tr><tr><td>Chautems Olivier und Monnier JJ.<\/td><td>\u00a0<\/td><td>Mitternachtssonne Pinot Noir<\/td><td>Silber<\/td><td>2020<\/td><\/tr><tr><td>\u00a0<\/td><td>\u00a0<\/td><td>\u00a0<\/td><td>\u00a0<\/td><td>\u00a0<\/td><\/tr><tr><td><strong>2021<\/strong><\/td><td>\u00a0<\/td><td>\u00a0<\/td><td>\u00a0<\/td><td>\u00a0<\/td><\/tr><tr><td>Schloss Valeyres\u00a0\u00a0<\/td><td>Valeyres-sous-Rances\u00a0\u00a0<\/td><td>St. Jacques Reserve \u2013 Riesling X Sylvaner<\/td><td>Nominierte \u2013 Gold \/ Gold<\/td><td>2020<\/td><\/tr><tr><td>Schloss Valeyres\u00a0\u00a0<\/td><td>Valeyres-sous-Rances\u00a0\u00a0<\/td><td>Baron Blanc<\/td><td>Gold \/ Gold<\/td><td>2020<\/td><\/tr><tr><td>H\u00f6hle der 13 H\u00fcgel<\/td><td>Arnex-sur-Orbe\u00a0<\/td><td>Burt Pleasure<\/td><td>Nominierte \u2013 Gold \/ Gold<\/td><td>\u00a0<\/td><\/tr><tr><td>H\u00f6hle der 13 H\u00fcgel<\/td><td>Arnex-sur-Orbe\u00a0<\/td><td>Gamay Ruby<\/td><td>Gold \/ Gold<\/td><td>2019<\/td><\/tr><tr><td>H\u00f6hle der 13 H\u00fcgel<\/td><td>Arnex-sur-Orbe\u00a0<\/td><td>Aurora von Gamay<\/td><td>Gold \/ Gold<\/td><td>2018<\/td><\/tr><tr><td>Schloss Valeyres\u00a0\u00a0<\/td><td>Valeyres-sous-Rances\u00a0\u00a0<\/td><td>Opalin<\/td><td>Silber<\/td><td>2020<\/td><\/tr><tr><td>H\u00f6hle der 13 H\u00fcgel<\/td><td>Arnex-sur-Orbe\u00a0<\/td><td>Urbanoir Pinot Noir<\/td><td>Silber<\/td><td>2019<\/td><\/tr><tr><td>\u00a0<\/td><td>\u00a0<\/td><td>\u00a0<\/td><td>\u00a0<\/td><td>\u00a0<\/td><\/tr><tr><td><strong>2019<\/strong><\/td><td>\u00a0<\/td><td>\u00a0<\/td><td>\u00a0<\/td><td>\u00a0<\/td><\/tr><tr><td>Combe Keller<\/td><td>Mathod<\/td><td>&quot;Chardonnay&quot;<\/td><td>Silber<\/td><td>2017<\/td><\/tr><tr><td>H\u00f6hle der 13 H\u00fcgel<\/td><td>Arnex-sur-Orbe\u00a0<\/td><td>\u201eGamay Ros\u00e9\u201c\u00a0<\/td><td>Gold \/ Gold<\/td><td>2018<\/td><\/tr><tr><td>H\u00f6hle der 13 H\u00fcgel<\/td><td>Arnex-sur-Orbe\u00a0<\/td><td>&quot;Rebhuhnauge&quot;\u00a0<\/td><td>Gold \/ Gold<\/td><td>2018<\/td><\/tr><tr><td>H\u00f6hle der 13 H\u00fcgel<\/td><td>Arnex-sur-Orbe<\/td><td>&quot;Gamay Ruby&quot;\u00a0<\/td><td>Gold \/ Gold<\/td><td>2017\u00a0<\/td><\/tr><tr><td>H\u00f6hle der 13 H\u00fcgel<\/td><td>Arnex-sur-Orbe\u00a0<\/td><td>&quot;Gamay Ruby&quot;\u00a0<\/td><td>Gold \/ Gold<\/td><td>2018<\/td><\/tr><tr><td>H\u00f6hle der 13 H\u00fcgel<\/td><td>Arnex-sur-Orbe\u00a0<\/td><td>&quot;Terra Nobilis&quot;\u00a0<\/td><td>Gold \/ Gold<\/td><td>2017\u00a0<\/td><\/tr><tr><td>H\u00f6hle der 13 H\u00fcgel<\/td><td>Arnex-sur-Orbe\u00a0<\/td><td>&quot;Geist von Baulmes&quot;<\/td><td>Gold \/ Gold<\/td><td>2016<\/td><\/tr><tr><td>H\u00f6hle der 13 H\u00fcgel<\/td><td>Arnex-sur-Orbe\u00a0<\/td><td>&quot;Gamaret-Fass&quot;\u00a0<\/td><td>Silber<\/td><td>2017\u00a0<\/td><\/tr><tr><td>Schloss Valeyres\u00a0\u00a0<\/td><td>Valeyres-sous-Rances<\/td><td>&quot;Pinot Vertraulich&quot;\u00a0<\/td><td>Silber<\/td><td>2017\u00a0<\/td><\/tr><tr><td>\u00a0<\/td><td>\u00a0<\/td><td>\u00a0<\/td><td>\u00a0<\/td><td>\u00a0<\/td><\/tr><tr><td><strong>2018<\/strong><\/td><td>\u00a0<\/td><td>\u00a0<\/td><td>\u00a0<\/td><td>\u00a0<\/td><\/tr><tr><td>Schloss Valeyres\u00a0\u00a0<\/td><td>Valeyres-sous-Rances\u00a0\u00a0<\/td><td>\u201eSt-Jacques Reserve\u201c<\/td><td>Gold \/ Gold<\/td><td>2017<\/td><\/tr><tr><td>Schloss Valeyres\u00a0<\/td><td>Valeyres-sous-Rances\u00a0<\/td><td>&quot;Merlot&quot;<\/td><td>Gold \/ Gold<\/td><td>2016\u00a0<\/td><\/tr><tr><td>Schloss Valeyres\u00a0\u00a0<\/td><td>Valeyres-sous-Rances\u00a0\u00a0<\/td><td>&quot;Von Gallera&quot;\u00a0<\/td><td>Gold \/ Gold<\/td><td>2016\u00a0\u00a0<\/td><\/tr><tr><td>H\u00f6hle der 13 H\u00fcgel\u00a0<\/td><td>Arnex-sur-Orbe\u00a0<\/td><td>&quot;Geist von Baulmes&quot;\u00a0<\/td><td>Gold \/ Gold<\/td><td>2016\u00a0<\/td><\/tr><tr><td>Mirabilis-H\u00f6hle\u00a0<\/td><td>Handeln Sie\u00a0<\/td><td>&quot;Pinot Noir&quot;<\/td><td>Silber<\/td><td>2017\u00a0\u00a0<\/td><\/tr><tr><td>Mirabilis-H\u00f6hle<\/td><td>Handeln Sie\u00a0<\/td><td>&quot;Eucharis&quot;<\/td><td>Silber<\/td><td>2016<\/td><\/tr><tr><td>Schloss Valeyres\u00a0<\/td><td>Valeyres-sous-Rances\u00a0<\/td><td>\u201eCuv\u00e9e Origine\u201c\u00a0<\/td><td>Silber<\/td><td>2017\u00a0<\/td><\/tr><tr><td>H\u00f6hle der 13 H\u00fcgel\u00a0<\/td><td>Arnex-sur-Orbe\u00a0<\/td><td>&quot;Chasselas&quot;<\/td><td>Silber<\/td><td>2017\u00a0<\/td><\/tr><tr><td>H\u00f6hle der 13 H\u00fcgel\u00a0<\/td><td>Arnex-sur-Orbe\u00a0<\/td><td>\u201eAurore de Gamay XIII Or\u201c<\/td><td>Silber<\/td><td>2016\u00a0<\/td><\/tr><tr><td>H\u00f6hle der 13 H\u00fcgel\u00a0\u00a0<\/td><td>Arnex-sur-Orbe\u00a0<\/td><td>&quot;Gamaret-Fass&quot;\u00a0<\/td><td>Silber<\/td><td>2016\u00a0\u00a0<\/td><\/tr><tr><td>H\u00f6hle der 13 H\u00fcgel\u00a0\u00a0<\/td><td>Arnex-sur-Orbe\u00a0<\/td><td>&quot;Ausbalancieren&quot;\u00a0<\/td><td>Silber<\/td><td>2016\u00a0<\/td><\/tr><tr><td>Herrenhaus<\/td><td>Valeyres-sous-Rances<\/td><td>&quot;Barrique Chardonnay&quot;<\/td><td>Silber<\/td><td>2014<\/td><\/tr><tr><td>\u00a0<\/td><td>\u00a0<\/td><td>\u00a0<\/td><td>\u00a0<\/td><td>\u00a0<\/td><\/tr><tr><td><strong>2017<\/strong><\/td><td>\u00a0<\/td><td>\u00a0<\/td><td>\u00a0<\/td><td>\u00a0<\/td><\/tr><tr><td>H\u00f6hle der 13 H\u00fcgel\u00a0<\/td><td>Arnex-sur-Orbe\u00a0<\/td><td>\u201eAurore de Gamay XIII Or\u201c<\/td><td>Gold \/ Gold<\/td><td>2015<\/td><\/tr><tr><td>Roy G\u00e9rard Farm\u00a0<\/td><td>Yverdon-les-Bains<\/td><td>&quot;Terra Nobilis&quot;<\/td><td>Gold \/ Gold<\/td><td>2015\u00a0<\/td><\/tr><tr><td>Schloss Valeyres\u00a0<\/td><td>Valeyres-sous-Rances\u00a0\u00a0<\/td><td>\u201eGamay vertraulich\u201c<\/td><td>Gold \/ Gold<\/td><td>2015\u00a0<\/td><\/tr><tr><td>Schloss Valeyres\u00a0<\/td><td>Valeyres-sous-Rances\u00a0\u00a0<\/td><td>\u201eGamay Cuv\u00e9e Origine\u201c<\/td><td>Gold \/ Gold<\/td><td>2016\u00a0<\/td><\/tr><tr><td>H\u00f6hle der 13 H\u00fcgel<\/td><td>Arnex-sur-Orbe<\/td><td>\u201eElixier des Cabernet XIIIor\u201c<\/td><td>Silber<\/td><td>2015<\/td><\/tr><tr><td>Schloss Valeyres\u00a0<\/td><td>Valeyres-sous-Rances\u00a0\u00a0<\/td><td>\u201eDas Fest des Barons\u201c<\/td><td>Silber<\/td><td>2016\u00a0<\/td><\/tr><tr><td>\u00a0<\/td><td>\u00a0<\/td><td>\u00a0<\/td><td>\u00a0<\/td><td>\u00a0<\/td><\/tr><tr><td><strong>2016<\/strong><\/td><td>\u00a0<\/td><td>\u00a0<\/td><td>\u00a0<\/td><td>\u00a0<\/td><\/tr><tr><td>Schloss Valeyres<\/td><td>Valeyres-sous-Rances\u00a0<\/td><td>&quot;Rebhuhnauge&quot;<\/td><td>Gold \/ Gold<\/td><td>2015<\/td><\/tr><tr><td>Schloss Valeyres<\/td><td>Valeyres-sous-Rances\u00a0<\/td><td>&quot;Pinot Vertraulich&quot;<\/td><td>Gold \/ Gold<\/td><td>2014<\/td><\/tr><tr><td>H\u00f6hle der 13 H\u00fcgel\u00a0<\/td><td>Arnex-sur-Orbe\u00a0<\/td><td>&quot;Morgend\u00e4mmerung des Gamay&quot;<\/td><td>Gold \/ Gold<\/td><td>2014<\/td><\/tr><tr><td>Olivier Chautems\u00a0<\/td><td>Champvent\u00a0<\/td><td>Pinot Noir \u201eMitternachtssonne\u201c<\/td><td>Gold \/ Gold<\/td><td>2014<\/td><\/tr><tr><td>H\u00f6hle der 13 H\u00fcgel<\/td><td>Arnex-sur-Orbe<\/td><td>\u201eElixier des Cabernet\u201c<\/td><td>Silber<\/td><td>2014<\/td><\/tr><tr><td>\u00a0<\/td><td>\u00a0<\/td><td>\u00a0<\/td><td>\u00a0<\/td><td>\u00a0<\/td><\/tr><tr><td><strong>2015<\/strong><\/td><td>\u00a0<\/td><td>\u00a0<\/td><td>\u00a0<\/td><td>\u00a0<\/td><\/tr><tr><td>Schloss Valeyres<\/td><td>Valeyres-sous-Rances<\/td><td>&quot;Wei\u00dfer Baron&quot;<\/td><td>Gold \/ Gold<\/td><td>\u00a0<\/td><\/tr><tr><td>H\u00f6hle der 13 H\u00fcgel<\/td><td>Arnex-sur-Orbe\u00a0<\/td><td>\u201eChasselas 13 H\u00fcgel\u201c<\/td><td>Gold \/ Gold<\/td><td>\u00a0<\/td><\/tr><tr><td>H\u00f6hle der 13 H\u00fcgel<\/td><td>Arnex-sur-Orbe\u00a0<\/td><td>&quot;Morgend\u00e4mmerung des Gamay&quot;<\/td><td>Gold \/ Gold<\/td><td>2013<\/td><\/tr><tr><td>Schloss Valeyres<\/td><td>Valeyres-sous-Rances<\/td><td>\u201eGamay vertraulich\u201c<\/td><td>Gold \/ Gold<\/td><td>2013<\/td><\/tr><tr><td>Schloss Valeyres<\/td><td>Valeyres-sous-Rances<\/td><td>&quot;Doral&quot;<\/td><td>Silber<\/td><td>\u00a0<\/td><\/tr><tr><td>H\u00f6hle der 13 H\u00fcgel<\/td><td>Arnex-sur-Orbe\u00a0<\/td><td>\u201eElixier des Cabernet\u201c\u00a0<\/td><td>Silber<\/td><td>2013<\/td><\/tr><tr><td>Schloss Valeyres<\/td><td>Valeyres-sous-Rances<\/td><td>\u201eDie Cuv\u00e9e Origine\u201c<\/td><td>Silber<\/td><td>\u00a0<\/td><\/tr><tr><td>Schloss Ecl\u00e9pens<\/td><td>Eklepens<\/td><td>&quot; Rosa &quot;<\/td><td>Silber<\/td><td>\u00a0<\/td><\/tr><tr><td>Olivier Chautems<\/td><td>Champvent<\/td><td>&quot;Gamay Emotion&quot;<\/td><td>Silber<\/td><td>2014<\/td><\/tr><tr><td>\u00a0<\/td><td>\u00a0<\/td><td>\u00a0<\/td><td>\u00a0<\/td><td>\u00a0<\/td><\/tr><tr><td><strong>2014<\/strong><\/td><td>\u00a0<\/td><td>\u00a0<\/td><td>\u00a0<\/td><td>\u00a0<\/td><\/tr><tr><td>Schloss Valeyres<\/td><td>Valeyres-sous-Rances<\/td><td>\u201eCuv\u00e9e Origine\u201c<\/td><td>Gold \/ Gold<\/td><td>2013\u00a0<\/td><\/tr><tr><td>Schloss Valeyres<\/td><td>Valeyres-sous-Rances\u00a0<\/td><td>\u201eDie Gavotte\u201c\u00a0<\/td><td>Silber<\/td><td>2013\u00a0<\/td><\/tr><tr><td>Combe Keller<\/td><td>Mathod\u00a0<\/td><td>\u201eBrut Marendaz,<br \/>Kaiserliche Traditionelle Methode \u00bb\u00a0<\/td><td>Gold \/ Gold<\/td><td>\u00a0<\/td><\/tr><tr><td>Combe Keller<\/td><td>Mathod<\/td><td>\u201ePrestige Cuv\u00e9e\u201c<\/td><td>Silber<\/td><td>2011\u00a0<\/td><\/tr><tr><td>H\u00f6hle der W\u00e4nde<\/td><td>Arnex-sur-Orbe\u00a0<\/td><td>&quot;Jade-Chasselas&quot;<\/td><td>Silber<\/td><td>2013<\/td><\/tr><tr><td>Schloss Ecl\u00e9pens<\/td><td>Eklepens\u00a0<\/td><td>&quot;Garanoir&quot;\u00a0<\/td><td>Silber<\/td><td>2011<\/td><\/tr><tr><td>\u00a0<\/td><td>\u00a0<\/td><td>\u00a0<\/td><td>\u00a0<\/td><td>\u00a0<\/td><\/tr><tr><td><strong>2012<\/strong><\/td><td>\u00a0<\/td><td>\u00a0<\/td><td>\u00a0<\/td><td>\u00a0<\/td><\/tr><tr><td>H\u00f6hle der 13 H\u00fcgel<\/td><td>Arnex-sur-Orbe<\/td><td>\u201e13 rubinrote Gamay-H\u00fcgel\u201c<\/td><td>Silber<\/td><td>2011<\/td><\/tr><tr><td>Schloss Valeyres<\/td><td>Valeyres-sous-Rances<\/td><td>&quot;Der Courson&quot;<\/td><td>Silber<\/td><td>2011<\/td><\/tr><tr><td>Schloss Valeyres<\/td><td>Valeyres-sous-Rances<\/td><td>\u201eGamay vertraulich\u201c<\/td><td>Silber<\/td><td>2010<\/td><\/tr><tr><td>Schloss Ecl\u00e9pens<\/td><td>Eklepens<\/td><td>&quot;Pinot Noir&quot;<\/td><td>Silber<\/td><td>2010<\/td><\/tr><tr><td>\u00a0<\/td><td>\u00a0<\/td><td>\u00a0<\/td><td>\u00a0<\/td><td>\u00a0<\/td><\/tr><tr><td><strong>2011<\/strong><\/td><td>\u00a0<\/td><td>\u00a0<\/td><td>\u00a0<\/td><td>\u00a0<\/td><\/tr><tr><td>Schloss Ecl\u00e9pens<\/td><td>Eklepens<\/td><td>&quot; Montage &quot;<\/td><td>Silber<\/td><td>2010<\/td><\/tr><\/tbody><\/table>\t\t\t\t\t\t\t\t<\/div>\n\t\t\t\t<\/div>\n\t\t\t\t\t<\/div>\n\t\t\t\t<\/div>\n\t\t\t\t<\/div>","protected":false},"excerpt":{"rendered":"<p>Grand Prix du Vin Suisse 2023 \u00a0 \u00a0 M\u00e9daille Millesime Ch\u00e2teau de Valeyres\u00a0\u00a0 Valeyres-sous-Rances\u00a0\u00a0 Vin nomin\u00e9 4\u00e8me place cat\u00e9gorie Gamay &#8211; Gamay Confidentiel Or \/ Gold 2021 Ch\u00e2teau de Valeyres\u00a0\u00a0 Valeyres-sous-Rances\u00a0\u00a0 Opaline vin liquoreux Or \/ Gold 2022 Cave des 13 Coteaux Arnex-sur-Orbe\u00a0 Esprit de Baulmes XIII or assemblage rouge Or \/ Gold \u00a0 Ch\u00e2teau [&hellip;]<\/p>\n","protected":false},"author":1,"featured_media":0,"parent":0,"menu_order":0,"comment_status":"closed","ping_status":"closed","template":"elementor_header_footer","meta":{"footnotes":""},"class_list":["post-466","page","type-page","status-publish","hentry"],"_links":{"self":[{"href":"https:\/\/cotes-orbe.ch\/de\/wp-json\/wp\/v2\/pages\/466","targetHints":{"allow":["GET"]}}],"collection":[{"href":"https:\/\/cotes-orbe.ch\/de\/wp-json\/wp\/v2\/pages"}],"about":[{"href":"https:\/\/cotes-orbe.ch\/de\/wp-json\/wp\/v2\/types\/page"}],"author":[{"embeddable":true,"href":"https:\/\/cotes-orbe.ch\/de\/wp-json\/wp\/v2\/users\/1"}],"replies":[{"embeddable":true,"href":"https:\/\/cotes-orbe.ch\/de\/wp-json\/wp\/v2\/comments?post=466"}],"version-history":[{"count":10,"href":"https:\/\/cotes-orbe.ch\/de\/wp-json\/wp\/v2\/pages\/466\/revisions"}],"predecessor-version":[{"id":1136,"href":"https:\/\/cotes-orbe.ch\/de\/wp-json\/wp\/v2\/pages\/466\/revisions\/1136"}],"wp:attachment":[{"href":"https:\/\/cotes-orbe.ch\/de\/wp-json\/wp\/v2\/media?parent=466"}],"curies":[{"name":"wp","href":"https:\/\/api.w.org\/{rel}","templated":true}]}}