{"id":117,"date":"2025-04-09T05:39:40","date_gmt":"2025-04-09T05:39:40","guid":{"rendered":"https:\/\/cotes-orbe.ch\/?page_id=117"},"modified":"2025-04-19T08:12:53","modified_gmt":"2025-04-19T08:12:53","slug":"presentation","status":"publish","type":"page","link":"https:\/\/cotes-orbe.ch\/de\/presentation\/","title":{"rendered":"Vorstellung"},"content":{"rendered":"\t\t<div data-elementor-type=\"wp-page\" data-elementor-id=\"117\" class=\"elementor elementor-117\" data-elementor-post-type=\"page\">\n\t\t\t\t<div class=\"elementor-element elementor-element-c5593b0 e-flex e-con-boxed e-con e-parent\" data-id=\"c5593b0\" data-element_type=\"container\" data-e-type=\"container\" data-settings=\"{&quot;ekit_has_onepagescroll_dot&quot;:&quot;yes&quot;}\">\n\t\t\t\t\t<div class=\"e-con-inner\">\n\t\t\t\t<div class=\"elementor-element elementor-element-fbab6b5 elementor-widget elementor-widget-slider_revolution\" data-id=\"fbab6b5\" data-element_type=\"widget\" data-e-type=\"widget\" data-settings=\"{&quot;ekit_we_effect_on&quot;:&quot;none&quot;}\" data-widget_type=\"slider_revolution.default\">\n\t\t\t\t<div class=\"elementor-widget-container\">\n\t\t\t\t\t\n\t\t<div class=\"wp-block-themepunch-revslider\">\n\t\t\t\t<p class=\"rs-p-wp-fix\"><\/p>\n\t\t\t\t<sr7-module data-alias=\"winery-timeline\" data-id=\"2\" id=\"SR7_2_1\" class=\"rs-respect-topbar rs-ov-hidden\" data-version=\"6.7.41\">\n\t\t\t\t\t<sr7-adjuster><\/sr7-adjuster>\n\t\t\t\t\t<sr7-content>\n\t\t\t\t\t\t<sr7-slide id=\"SR7_2_1-10\" data-key=\"10\">\n\t\t\t\t\t\t<\/sr7-slide>\n\t\t\t\t\t\t<sr7-slide id=\"SR7_2_1-3\" data-key=\"3\">\n\t\t\t\t\t\t\t<sr7-bg id=\"SR7_2_1-3-34\" class=\"sr7-layer\"><noscript><img decoding=\"async\" src=\"http:\/\/cotes-orbe.ch\/wp-content\/uploads\/revslider\/winery-timeline\/timeline-bg-1.jpg\" alt=\"\" title=\"timeline-bg-1.jpg\"><\/noscript><\/sr7-bg>\n\t\t\t\t\t\t\t<sr7-txt id=\"SR7_2_1-3-4\" class=\"sr7-layer\">0{{current_slide_index}}<\/sr7-txt>\n\t\t\t\t\t\t\t<sr7-txt id=\"SR7_2_1-3-5\" class=\"sr7-layer\">0{{total_slide_count}}<\/sr7-txt>\n\t\t\t\t\t\t\t<sr7-txt id=\"SR7_2_1-3-7\" class=\"sr7-layer\">tout commence ici...<\/sr7-txt>\n\t\t\t\t\t\t\t<sr7-txt id=\"SR7_2_1-3-8\" class=\"sr7-layer\">\u00c9poque romaine<\/sr7-txt>\n\t\t\t\t\t\t\t<sr7-txt id=\"SR7_2_1-3-9\" class=\"sr7-layer\">Introduction de la viticulture dans la r\u00e9gion par les Romains, marquant le d\u00e9but de la tradition viticole locale.<\/sr7-txt>\n\t\t\t\t\t\t\t<sr7-txt id=\"SR7_2_1-3-17\" class=\"sr7-layer\">1980<\/sr7-txt>\n\t\t\t\t\t\t\t<sr7-txt id=\"SR7_2_1-3-23\" class=\"sr7-layer\">1600<\/sr7-txt>\n\t\t\t\t\t\t<\/sr7-slide>\n\t\t\t\t\t\t<sr7-slide id=\"SR7_2_1-4\" data-key=\"4\">\n\t\t\t\t\t\t\t<sr7-txt id=\"SR7_2_1-4-4\" class=\"sr7-layer\">0{{current_slide_index}}<\/sr7-txt>\n\t\t\t\t\t\t\t<sr7-txt id=\"SR7_2_1-4-5\" class=\"sr7-layer\">0{{total_slide_count}}<\/sr7-txt>\n\t\t\t\t\t\t\t<sr7-txt id=\"SR7_2_1-4-7\" class=\"sr7-layer\">les c\u00f4tes de l'orbe<\/sr7-txt>\n\t\t\t\t\t\t\t<sr7-txt id=\"SR7_2_1-4-8\" class=\"sr7-layer\">1600<\/sr7-txt>\n\t\t\t\t\t\t\t<sr7-txt id=\"SR7_2_1-4-9\" class=\"sr7-layer\">Construction du Canal d'Entreroches, visant \u00e0 relier le Rh\u00f4ne et le Rhin, traversant la r\u00e9gion des C\u00f4tes de l'Orbe.<\/sr7-txt>\n\t\t\t\t\t\t\t<sr7-txt id=\"SR7_2_1-4-17\" class=\"sr7-layer\">1876<\/sr7-txt>\n\t\t\t\t\t\t\t<sr7-txt id=\"SR7_2_1-4-23\" class=\"sr7-layer\">1972<\/sr7-txt>\n\t\t\t\t\t\t<\/sr7-slide>\n\t\t\t\t\t\t<sr7-slide id=\"SR7_2_1-5\" data-key=\"5\">\n\t\t\t\t\t\t\t<sr7-bg id=\"SR7_2_1-5-25\" class=\"sr7-layer\"><noscript><img decoding=\"async\" src=\"http:\/\/cotes-orbe.ch\/wp-content\/uploads\/revslider\/winery-timeline\/timeline-bg-3.jpg\" alt=\"\" title=\"timeline-bg-3.jpg\"><\/noscript><\/sr7-bg>\n\t\t\t\t\t\t\t<sr7-txt id=\"SR7_2_1-5-4\" class=\"sr7-layer\">0{{current_slide_index}}<\/sr7-txt>\n\t\t\t\t\t\t\t<sr7-txt id=\"SR7_2_1-5-5\" class=\"sr7-layer\">0{{total_slide_count}}<\/sr7-txt>\n\t\t\t\t\t\t\t<sr7-txt id=\"SR7_2_1-5-7\" class=\"sr7-layer\">la crise<\/sr7-txt>\n\t\t\t\t\t\t\t<sr7-txt id=\"SR7_2_1-5-8\" class=\"sr7-layer\">1890<\/sr7-txt>\n\t\t\t\t\t\t\t<sr7-txt id=\"SR7_2_1-5-9\" class=\"sr7-layer\">Propagation du phyllox\u00e9ra, un insecte ravageur qui d\u00e9truit une grande partie du vignoble local, entra\u00eenant une restructuration de la viticulture dans la r\u00e9gion.<\/sr7-txt>\n\t\t\t\t\t\t\t<sr7-txt id=\"SR7_2_1-5-17\" class=\"sr7-layer\">1600<\/sr7-txt>\n\t\t\t\t\t\t\t<sr7-txt id=\"SR7_2_1-5-23\" class=\"sr7-layer\">1948<\/sr7-txt>\n\t\t\t\t\t\t<\/sr7-slide>\n\t\t\t\t\t\t<sr7-slide id=\"SR7_2_1-6\" data-key=\"6\">\n\t\t\t\t\t\t\t<sr7-bg id=\"SR7_2_1-6-32\" class=\"sr7-layer\"><noscript><img decoding=\"async\" src=\"http:\/\/cotes-orbe.ch\/wp-content\/uploads\/revslider\/winery-timeline\/timeline-bg-4.jpg\" alt=\"\" title=\"timeline-bg-4.jpg\"><\/noscript><\/sr7-bg>\n\t\t\t\t\t\t\t<sr7-txt id=\"SR7_2_1-6-4\" class=\"sr7-layer\">0{{current_slide_index}}<\/sr7-txt>\n\t\t\t\t\t\t\t<sr7-txt id=\"SR7_2_1-6-5\" class=\"sr7-layer\">0{{total_slide_count}}<\/sr7-txt>\n\t\t\t\t\t\t\t<sr7-txt id=\"SR7_2_1-6-7\" class=\"sr7-layer\">cave d'orbe<\/sr7-txt>\n\t\t\t\t\t\t\t<sr7-txt id=\"SR7_2_1-6-8\" class=\"sr7-layer\">1948<\/sr7-txt>\n\t\t\t\t\t\t\t<sr7-txt id=\"SR7_2_1-6-9\" class=\"sr7-layer\">Fondation de la Cave d'Orbe et environs, une coop\u00e9rative regroupant des vignerons locaux pour promouvoir et commercialiser les vins des C\u00f4tes de l'Orbe. <\/sr7-txt>\n\t\t\t\t\t\t\t<sr7-txt id=\"SR7_2_1-6-17\" class=\"sr7-layer\">1890<\/sr7-txt>\n\t\t\t\t\t\t\t<sr7-txt id=\"SR7_2_1-6-23\" class=\"sr7-layer\">1980<\/sr7-txt>\n\t\t\t\t\t\t<\/sr7-slide>\n\t\t\t\t\t\t<sr7-slide id=\"SR7_2_1-7\" data-key=\"7\">\n\t\t\t\t\t\t\t<sr7-bg id=\"SR7_2_1-7-35\" class=\"sr7-layer\"><noscript><img decoding=\"async\" src=\"http:\/\/cotes-orbe.ch\/wp-content\/uploads\/revslider\/winery-timeline\/timeline-bg-5.jpg\" alt=\"\" title=\"timeline-bg-5.jpg\"><\/noscript><\/sr7-bg>\n\t\t\t\t\t\t\t<sr7-txt id=\"SR7_2_1-7-4\" class=\"sr7-layer\">0{{current_slide_index}}<\/sr7-txt>\n\t\t\t\t\t\t\t<sr7-txt id=\"SR7_2_1-7-5\" class=\"sr7-layer\">0{{total_slide_count}}<\/sr7-txt>\n\t\t\t\t\t\t\t<sr7-txt id=\"SR7_2_1-7-7\" class=\"sr7-layer\">les c\u00f4tes de l'orbe<\/sr7-txt>\n\t\t\t\t\t\t\t<sr7-txt id=\"SR7_2_1-7-8\" class=\"sr7-layer\">1980<\/sr7-txt>\n\t\t\t\t\t\t\t<sr7-txt id=\"SR7_2_1-7-9\" class=\"sr7-layer\">Renaissance du vignoble avec une augmentation significative de la superficie viticole, passant de 120 hectares en 1977 \u00e0 environ 180 hectares aujourd'hui.<\/sr7-txt>\n\t\t\t\t\t\t\t<sr7-txt id=\"SR7_2_1-7-17\" class=\"sr7-layer\">1948<\/sr7-txt>\n\t\t\t\t\t\t\t<sr7-txt id=\"SR7_2_1-7-23\" class=\"sr7-layer\">\u00e9poque<br \/>\nromaine<\/sr7-txt>\n\t\t\t\t\t\t<\/sr7-slide>\n\t\t\t\t\t<\/sr7-content>\n\t\t\t\t\t<image_lists style=\"display:none\">\n\t\t\t\t\t\t<img data-src=\"\/\/cotes-orbe.ch\/wp-content\/uploads\/revslider\/winery-timeline\/timeline-bg-1.jpg\" data-libid=\"196\" data-lib=\"medialibrary\" title=\"timeline-bg-1.jpg\" width=\"0\" height=\"0\" data-dbsrc=\"Ly9jb3Rlcy1vcmJlLmNoL3dwLWNvbnRlbnQvdXBsb2Fkcy9yZXZzbGlkZXIvd2luZXJ5LXRpbWVsaW5lL3RpbWVsaW5lLWJnLTEuanBn\"\/>\n\t\t\t\t\t\t<img data-src=\"\/\/cotes-orbe.ch\/wp-content\/uploads\/revslider\/winery-timeline\/timeline-bg-3.jpg\" data-libid=\"201\" data-lib=\"medialibrary\" title=\"timeline-bg-3.jpg\" width=\"0\" height=\"0\" data-dbsrc=\"Ly9jb3Rlcy1vcmJlLmNoL3dwLWNvbnRlbnQvdXBsb2Fkcy9yZXZzbGlkZXIvd2luZXJ5LXRpbWVsaW5lL3RpbWVsaW5lLWJnLTMuanBn\"\/>\n\t\t\t\t\t\t<img data-src=\"\/\/cotes-orbe.ch\/wp-content\/uploads\/revslider\/winery-timeline\/timeline-bg-4.jpg\" data-libid=\"203\" data-lib=\"medialibrary\" title=\"timeline-bg-4.jpg\" width=\"0\" height=\"0\" data-dbsrc=\"Ly9jb3Rlcy1vcmJlLmNoL3dwLWNvbnRlbnQvdXBsb2Fkcy9yZXZzbGlkZXIvd2luZXJ5LXRpbWVsaW5lL3RpbWVsaW5lLWJnLTQuanBn\"\/>\n\t\t\t\t\t\t<img loading=\"lazy\" data-src=\"\/\/cotes-orbe.ch\/wp-content\/uploads\/revslider\/winery-timeline\/timeline-bg-5.jpg\" data-libid=\"205\" data-lib=\"medialibrary\" title=\"timeline-bg-5.jpg\" width=\"0\" height=\"0\" data-dbsrc=\"Ly9jb3Rlcy1vcmJlLmNoL3dwLWNvbnRlbnQvdXBsb2Fkcy9yZXZzbGlkZXIvd2luZXJ5LXRpbWVsaW5lL3RpbWVsaW5lLWJnLTUuanBn\"\/>\n\t\t\t\t\t\t<img loading=\"lazy\" data-src=\"\/\/cotes-orbe.ch\/wp-content\/uploads\/2025\/04\/Logo_co.png\" data-libid=\"150\" data-lib=\"medialibrary\" title=\"Logo_co\" width=\"0\" height=\"0\" data-dbsrc=\"Ly9jb3Rlcy1vcmJlLmNoL3dwLWNvbnRlbnQvdXBsb2Fkcy8yMDI1LzA0L0xvZ29fY28ucG5n\"\/>\n\t\t\t\t\t<\/image_lists>\n\t\t\t\t<\/sr7-module>\n\t\t\t\t<script>\n\t\t\t\t\tSR7.PMH ??={}; SR7.PMH[\"SR7_2_1\"] = {cn:100,state:false,fn: function() { if (_tpt!==undefined && _tpt.prepareModuleHeight !== undefined) {  _tpt.prepareModuleHeight({id:\"SR7_2_1\",el:[900,900,768,960,720],type:'standard',shdw:'0',gh:[900,900,768,960,720],gw:[1240,1240,1024,778,480],vpt:['200px&#039;,&#039;200px&#039;,&#039;200px&#039;,&#039;200px&#039;,&#039;200px'],size:{fullWidth:true, fullHeight:true},fho:'#masthead,',mh:'0',onh:0,onw:0,bg:{color:'{\"orig\":\"transparent\",\"type\":\"solid\",\"string\":\"transparent\"}'}});   SR7.PMH[\"SR7_2_1\"].state=true;} else if(SR7.PMH[\"SR7_2_1\"].cn-->0)\tsetTimeout( SR7.PMH[\"SR7_2_1\"].fn,19);}};SR7.PMH[\"SR7_2_1\" ].fn();\n\t\t\t\t<\/script>\n<\/div>\n\n\t\t\t\t\t\t<\/div>\n\t\t\t\t<\/div>\n\t\t\t\t\t<\/div>\n\t\t\t\t<\/div>\n\t\t<div class=\"elementor-element elementor-element-b2c4e81 e-flex e-con-boxed e-con e-parent\" data-id=\"b2c4e81\" data-element_type=\"container\" data-e-type=\"container\" data-settings=\"{&quot;ekit_has_onepagescroll_dot&quot;:&quot;yes&quot;}\">\n\t\t\t\t\t<div class=\"e-con-inner\">\n\t\t\t\t<div class=\"elementor-element elementor-element-46ca8d5 elementor-widget elementor-widget-heading\" data-id=\"46ca8d5\" data-element_type=\"widget\" data-e-type=\"widget\" data-settings=\"{&quot;ekit_we_effect_on&quot;:&quot;none&quot;}\" data-widget_type=\"heading.default\">\n\t\t\t\t<div class=\"elementor-widget-container\">\n\t\t\t\t\t<h1 class=\"elementor-heading-title elementor-size-default\">Pr\u00e9sentation des C\u00f4tes de l'Orbe<\/h1>\t\t\t\t<\/div>\n\t\t\t\t<\/div>\n\t\t\t\t<div class=\"elementor-element elementor-element-822c752 elementor-widget elementor-widget-text-editor\" data-id=\"822c752\" data-element_type=\"widget\" data-e-type=\"widget\" data-settings=\"{&quot;ekit_we_effect_on&quot;:&quot;none&quot;}\" data-widget_type=\"text-editor.default\">\n\t\t\t\t<div class=\"elementor-widget-container\">\n\t\t\t\t\t\t\t\t\t<p>Apport\u00e9e par les Romains, d\u00e9velopp\u00e9e par les moines et les seigneurs, la culture de la vigne prosp\u00e9ra dans toute la r\u00e9gion au point qu&rsquo;avant les ravages du phyllox\u00e9ra, \u00e0 la fin du 19e si\u00e8cle, Orbe \u00e9tait le plus grand district viticole du canton de Vaud.<\/p><p>Aujourd&rsquo;hui d&rsquo;une superficie de 170 hectares, soit le 4% de la surface viticole vaudoise, le vignoble des C\u00f4tes de l&rsquo;Orbe est morcel\u00e9 en une multitude de parchets.<\/p><p>Accroch\u00e9es aux coteaux bordant la plaine de l&rsquo;Orbe, les vignes participent \u00e0 la mosa\u00efque d&rsquo;une belle et fertile campagne parsem\u00e9e de villages paisibles aux fermes cossues.<\/p>\t\t\t\t\t\t\t\t<\/div>\n\t\t\t\t<\/div>\n\t\t\t\t\t<\/div>\n\t\t\t\t<\/div>\n\t\t<div class=\"elementor-element elementor-element-2264590 e-flex e-con-boxed e-con e-parent\" data-id=\"2264590\" data-element_type=\"container\" data-e-type=\"container\" data-settings=\"{&quot;ekit_has_onepagescroll_dot&quot;:&quot;yes&quot;}\">\n\t\t\t\t\t<div class=\"e-con-inner\">\n\t\t<div class=\"elementor-element elementor-element-2e5aaa9 e-con-full e-flex e-con e-child\" data-id=\"2e5aaa9\" data-element_type=\"container\" data-e-type=\"container\" data-settings=\"{&quot;ekit_has_onepagescroll_dot&quot;:&quot;yes&quot;}\">\n\t\t\t\t<div class=\"elementor-element elementor-element-f72f213 elementor-widget elementor-widget-image\" data-id=\"f72f213\" data-element_type=\"widget\" data-e-type=\"widget\" data-settings=\"{&quot;ekit_we_effect_on&quot;:&quot;none&quot;}\" data-widget_type=\"image.default\">\n\t\t\t\t<div class=\"elementor-widget-container\">\n\t\t\t\t\t\t\t\t\t\t\t\t\t\t\t<img loading=\"lazy\" decoding=\"async\" width=\"595\" height=\"631\" src=\"https:\/\/cotes-orbe.ch\/wp-content\/uploads\/2025\/04\/Carte_vignobles_300.jpg\" class=\"attachment-large size-large wp-image-225\" alt=\"\" srcset=\"https:\/\/cotes-orbe.ch\/wp-content\/uploads\/2025\/04\/Carte_vignobles_300.jpg.webp 595w, https:\/\/cotes-orbe.ch\/wp-content\/uploads\/2025\/04\/Carte_vignobles_300-283x300.jpg.webp 283w\" sizes=\"(max-width: 595px) 100vw, 595px\" \/>\t\t\t\t\t\t\t\t\t\t\t\t\t\t\t<\/div>\n\t\t\t\t<\/div>\n\t\t\t\t<\/div>\n\t\t<div class=\"elementor-element elementor-element-efbfa9c e-con-full e-flex e-con e-child\" data-id=\"efbfa9c\" data-element_type=\"container\" data-e-type=\"container\" data-settings=\"{&quot;ekit_has_onepagescroll_dot&quot;:&quot;yes&quot;}\">\n\t\t\t\t<div class=\"elementor-element elementor-element-19c1fb2 elementor-widget elementor-widget-image\" data-id=\"19c1fb2\" data-element_type=\"widget\" data-e-type=\"widget\" data-settings=\"{&quot;ekit_we_effect_on&quot;:&quot;none&quot;}\" data-widget_type=\"image.default\">\n\t\t\t\t<div class=\"elementor-widget-container\">\n\t\t\t\t\t\t\t\t\t\t\t\t\t\t\t<img loading=\"lazy\" decoding=\"async\" width=\"595\" height=\"842\" src=\"https:\/\/cotes-orbe.ch\/wp-content\/uploads\/2025\/04\/cotesOrbe.jpg\" class=\"attachment-large size-large wp-image-226\" alt=\"\" srcset=\"https:\/\/cotes-orbe.ch\/wp-content\/uploads\/2025\/04\/cotesOrbe.jpg.webp 595w, https:\/\/cotes-orbe.ch\/wp-content\/uploads\/2025\/04\/cotesOrbe-212x300.jpg.webp 212w\" sizes=\"(max-width: 595px) 100vw, 595px\" \/>\t\t\t\t\t\t\t\t\t\t\t\t\t\t\t<\/div>\n\t\t\t\t<\/div>\n\t\t\t\t<\/div>\n\t\t\t\t\t<\/div>\n\t\t\t\t<\/div>\n\t\t\t\t<\/div>\n\t\t","protected":false},"excerpt":{"rendered":"<p>Pr\u00e9sentation des C\u00f4tes de l&rsquo;Orbe Apport\u00e9e par les Romains, d\u00e9velopp\u00e9e par les moines et les seigneurs, la culture de la vigne prosp\u00e9ra dans toute la r\u00e9gion au point qu&rsquo;avant les ravages du phyllox\u00e9ra, \u00e0 la fin du 19e si\u00e8cle, Orbe \u00e9tait le plus grand district viticole du canton de Vaud. Aujourd&rsquo;hui d&rsquo;une superficie de 170 [&hellip;]<\/p>\n","protected":false},"author":1,"featured_media":0,"parent":0,"menu_order":0,"comment_status":"closed","ping_status":"closed","template":"elementor_header_footer","meta":{"footnotes":""},"class_list":["post-117","page","type-page","status-publish","hentry"],"_links":{"self":[{"href":"https:\/\/cotes-orbe.ch\/de\/wp-json\/wp\/v2\/pages\/117","targetHints":{"allow":["GET"]}}],"collection":[{"href":"https:\/\/cotes-orbe.ch\/de\/wp-json\/wp\/v2\/pages"}],"about":[{"href":"https:\/\/cotes-orbe.ch\/de\/wp-json\/wp\/v2\/types\/page"}],"author":[{"embeddable":true,"href":"https:\/\/cotes-orbe.ch\/de\/wp-json\/wp\/v2\/users\/1"}],"replies":[{"embeddable":true,"href":"https:\/\/cotes-orbe.ch\/de\/wp-json\/wp\/v2\/comments?post=117"}],"version-history":[{"count":16,"href":"https:\/\/cotes-orbe.ch\/de\/wp-json\/wp\/v2\/pages\/117\/revisions"}],"predecessor-version":[{"id":1124,"href":"https:\/\/cotes-orbe.ch\/de\/wp-json\/wp\/v2\/pages\/117\/revisions\/1124"}],"wp:attachment":[{"href":"https:\/\/cotes-orbe.ch\/de\/wp-json\/wp\/v2\/media?parent=117"}],"curies":[{"name":"wp","href":"https:\/\/api.w.org\/{rel}","templated":true}]}}