{"id":1029,"date":"2025-04-11T11:30:27","date_gmt":"2025-04-11T11:30:27","guid":{"rendered":"https:\/\/cotes-orbe.ch\/?page_id=1029"},"modified":"2025-04-19T07:59:03","modified_gmt":"2025-04-19T07:59:03","slug":"actualites","status":"publish","type":"page","link":"https:\/\/cotes-orbe.ch\/de\/actualites\/","title":{"rendered":"Event"},"content":{"rendered":"<div data-elementor-type=\"wp-page\" data-elementor-id=\"1029\" class=\"elementor elementor-1029\" data-elementor-post-type=\"page\">\n\t\t\t\t<div class=\"elementor-element elementor-element-b36777f e-flex e-con-boxed e-con e-parent\" data-id=\"b36777f\" data-element_type=\"container\" data-e-type=\"container\" data-settings=\"{&quot;ekit_has_onepagescroll_dot&quot;:&quot;yes&quot;}\">\n\t\t\t\t\t<div class=\"e-con-inner\">\n\t\t\t\t<div class=\"elementor-element elementor-element-c3f5cc1 elementor-grid-3 elementor-grid-tablet-2 elementor-grid-mobile-1 elementor-posts--thumbnail-top elementor-card-shadow-yes elementor-posts__hover-gradient elementor-widget elementor-widget-posts\" data-id=\"c3f5cc1\" data-element_type=\"widget\" data-e-type=\"widget\" data-settings=\"{&quot;cards_masonry&quot;:&quot;yes&quot;,&quot;pagination_type&quot;:&quot;prev_next&quot;,&quot;cards_columns&quot;:&quot;3&quot;,&quot;cards_columns_tablet&quot;:&quot;2&quot;,&quot;cards_columns_mobile&quot;:&quot;1&quot;,&quot;cards_row_gap&quot;:{&quot;unit&quot;:&quot;px&quot;,&quot;size&quot;:35,&quot;sizes&quot;:[]},&quot;cards_row_gap_tablet&quot;:{&quot;unit&quot;:&quot;px&quot;,&quot;size&quot;:&quot;&quot;,&quot;sizes&quot;:[]},&quot;cards_row_gap_mobile&quot;:{&quot;unit&quot;:&quot;px&quot;,&quot;size&quot;:&quot;&quot;,&quot;sizes&quot;:[]},&quot;ekit_we_effect_on&quot;:&quot;none&quot;}\" data-widget_type=\"posts.cards\">\n\t\t\t\t<div class=\"elementor-widget-container\">\n\t\t\t\t\t\t\t<div class=\"elementor-posts-container elementor-posts elementor-posts--skin-cards elementor-grid\">\n\t\t\t\t<article class=\"elementor-post elementor-grid-item post-1757 post type-post status-publish format-standard has-post-thumbnail hentry category-uncategorized\">\n\t\t\t<div class=\"elementor-post__card\">\n\t\t\t\t<a class=\"elementor-post__thumbnail__link\" href=\"https:\/\/cotes-orbe.ch\/de\/%f0%9f%93%b0-olivier-chautems-un-defenseur-engage-des-vins-des-cotes-de-lorbe\/\" tabindex=\"-1\" target=\"_blank\"><div class=\"elementor-post__thumbnail\"><img fetchpriority=\"high\" decoding=\"async\" width=\"216\" height=\"300\" src=\"https:\/\/cotes-orbe.ch\/wp-content\/uploads\/2026\/04\/2026-03-28-18-35-216x300.jpg\" class=\"attachment-medium size-medium wp-image-1763\" alt=\"\" srcset=\"https:\/\/cotes-orbe.ch\/wp-content\/uploads\/2026\/04\/2026-03-28-18-35-216x300.jpg 216w, https:\/\/cotes-orbe.ch\/wp-content\/uploads\/2026\/04\/2026-03-28-18-35-738x1024.jpg 738w, https:\/\/cotes-orbe.ch\/wp-content\/uploads\/2026\/04\/2026-03-28-18-35-768x1066.jpg 768w, https:\/\/cotes-orbe.ch\/wp-content\/uploads\/2026\/04\/2026-03-28-18-35-1107x1536.jpg 1107w, https:\/\/cotes-orbe.ch\/wp-content\/uploads\/2026\/04\/2026-03-28-18-35-9x12.jpg 9w, https:\/\/cotes-orbe.ch\/wp-content\/uploads\/2026\/04\/2026-03-28-18-35.jpg 1221w\" sizes=\"(max-width: 216px) 100vw, 216px\" \/><\/div><\/a>\n\t\t\t\t<div class=\"elementor-post__text\">\n\t\t\t\t<h2 class=\"elementor-post__title\">\n\t\t\t<a href=\"https:\/\/cotes-orbe.ch\/de\/%f0%9f%93%b0-olivier-chautems-un-defenseur-engage-des-vins-des-cotes-de-lorbe\/\" target=\"&quot;_blank&quot;\">\n\t\t\t\t\ud83d\udcf0 Olivier Chautems, ein engagierter Verfechter der Weine der C\u00f4tes de l&#039;Orbe\t\t\t<\/a>\n\t\t<\/h2>\n\t\t\n\t\t<a class=\"elementor-post__read-more\" href=\"https:\/\/cotes-orbe.ch\/de\/%f0%9f%93%b0-olivier-chautems-un-defenseur-engage-des-vins-des-cotes-de-lorbe\/\" aria-label=\"Read more about \ud83d\udcf0\u00a0Olivier Chautems, un d\u00e9fenseur engag\u00e9 des vins des C\u00f4tes de l\u2019Orbe\" tabindex=\"-1\" target=\"_blank\">\n\t\t\tMehr lesen &quot;\t\t<\/a>\n\n\t\t\t\t<\/div>\n\t\t\t\t\t<\/div>\n\t\t<\/article>\n\t\t\t\t<article class=\"elementor-post elementor-grid-item post-1669 post type-post status-publish format-standard has-post-thumbnail hentry category-uncategorized\">\n\t\t\t<div class=\"elementor-post__card\">\n\t\t\t\t<a class=\"elementor-post__thumbnail__link\" href=\"https:\/\/cotes-orbe.ch\/de\/%f0%9f%8e%89-les-vins-des-cotes-de-lorbe-a-lhonneur-pour-les-25-ans-du-restoroute-de-bavois-2\/\" tabindex=\"-1\" target=\"_blank\"><div class=\"elementor-post__thumbnail\"><img decoding=\"async\" width=\"300\" height=\"200\" src=\"https:\/\/cotes-orbe.ch\/wp-content\/uploads\/2026\/02\/AG_Cotes_Orbe_2026-69-300x200.jpg\" class=\"attachment-medium size-medium wp-image-1676\" alt=\"\" srcset=\"https:\/\/cotes-orbe.ch\/wp-content\/uploads\/2026\/02\/AG_Cotes_Orbe_2026-69-300x200.jpg 300w, https:\/\/cotes-orbe.ch\/wp-content\/uploads\/2026\/02\/AG_Cotes_Orbe_2026-69-1024x683.jpg 1024w, https:\/\/cotes-orbe.ch\/wp-content\/uploads\/2026\/02\/AG_Cotes_Orbe_2026-69-768x512.jpg 768w, https:\/\/cotes-orbe.ch\/wp-content\/uploads\/2026\/02\/AG_Cotes_Orbe_2026-69-1536x1024.jpg 1536w, https:\/\/cotes-orbe.ch\/wp-content\/uploads\/2026\/02\/AG_Cotes_Orbe_2026-69-2048x1365.jpg 2048w, https:\/\/cotes-orbe.ch\/wp-content\/uploads\/2026\/02\/AG_Cotes_Orbe_2026-69-18x12.jpg 18w\" sizes=\"(max-width: 300px) 100vw, 300px\" \/><\/div><\/a>\n\t\t\t\t<div class=\"elementor-post__text\">\n\t\t\t\t<h2 class=\"elementor-post__title\">\n\t\t\t<a href=\"https:\/\/cotes-orbe.ch\/de\/%f0%9f%8e%89-les-vins-des-cotes-de-lorbe-a-lhonneur-pour-les-25-ans-du-restoroute-de-bavois-2\/\" target=\"&quot;_blank&quot;\">\n\t\t\t\tF\u00f6rderung der C\u00f4tes de l&#039;Orbe \u2013 AG2026\t\t\t<\/a>\n\t\t<\/h2>\n\t\t\n\t\t<a class=\"elementor-post__read-more\" href=\"https:\/\/cotes-orbe.ch\/de\/%f0%9f%8e%89-les-vins-des-cotes-de-lorbe-a-lhonneur-pour-les-25-ans-du-restoroute-de-bavois-2\/\" aria-label=\"Read more about Promotion des C\u00f4tes de l&rsquo;Orbe &#8211; AG2026\" tabindex=\"-1\" target=\"_blank\">\n\t\t\tMehr lesen &quot;\t\t<\/a>\n\n\t\t\t\t<\/div>\n\t\t\t\t\t<\/div>\n\t\t<\/article>\n\t\t\t\t<article class=\"elementor-post elementor-grid-item post-1515 post type-post status-publish format-standard has-post-thumbnail hentry category-uncategorized\">\n\t\t\t<div class=\"elementor-post__card\">\n\t\t\t\t<a class=\"elementor-post__thumbnail__link\" href=\"https:\/\/cotes-orbe.ch\/de\/%f0%9f%8e%89-les-vins-des-cotes-de-lorbe-a-lhonneur-pour-les-25-ans-du-restoroute-de-bavois\/\" tabindex=\"-1\" target=\"_blank\"><div class=\"elementor-post__thumbnail\"><img decoding=\"async\" width=\"300\" height=\"159\" src=\"https:\/\/cotes-orbe.ch\/wp-content\/uploads\/2026\/01\/Capture-decran-2026-01-29-a-16.35.02-300x159.png\" class=\"attachment-medium size-medium wp-image-1517\" alt=\"\" srcset=\"https:\/\/cotes-orbe.ch\/wp-content\/uploads\/2026\/01\/Capture-decran-2026-01-29-a-16.35.02-300x159.png 300w, https:\/\/cotes-orbe.ch\/wp-content\/uploads\/2026\/01\/Capture-decran-2026-01-29-a-16.35.02-18x10.png 18w, https:\/\/cotes-orbe.ch\/wp-content\/uploads\/2026\/01\/Capture-decran-2026-01-29-a-16.35.02.png 336w\" sizes=\"(max-width: 300px) 100vw, 300px\" \/><\/div><\/a>\n\t\t\t\t<div class=\"elementor-post__text\">\n\t\t\t\t<h2 class=\"elementor-post__title\">\n\t\t\t<a href=\"https:\/\/cotes-orbe.ch\/de\/%f0%9f%8e%89-les-vins-des-cotes-de-lorbe-a-lhonneur-pour-les-25-ans-du-restoroute-de-bavois\/\" target=\"&quot;_blank&quot;\">\n\t\t\t\t\ud83c\udf89 Anl\u00e4sslich des 25-j\u00e4hrigen Jubil\u00e4ums des Rastplatzes Bavois werden Weine aus der Region C\u00f4tes de l&#039;Orbe gefeiert.\t\t\t<\/a>\n\t\t<\/h2>\n\t\t\n\t\t<a class=\"elementor-post__read-more\" href=\"https:\/\/cotes-orbe.ch\/de\/%f0%9f%8e%89-les-vins-des-cotes-de-lorbe-a-lhonneur-pour-les-25-ans-du-restoroute-de-bavois\/\" aria-label=\"Lesen Sie mehr \u00fcber \ud83c\udf89 C\u00f4tes de l&#039;Orbe-Weine im Rampenlicht zum 25-j\u00e4hrigen Jubil\u00e4um des Rastplatzes Bavois.\" tabindex=\"-1\" target=\"_blank\">\n\t\t\tMehr lesen &quot;\t\t<\/a>\n\n\t\t\t\t<\/div>\n\t\t\t\t\t<\/div>\n\t\t<\/article>\n\t\t\t\t<article class=\"elementor-post elementor-grid-item post-1502 post type-post status-publish format-standard has-post-thumbnail hentry category-uncategorized\">\n\t\t\t<div class=\"elementor-post__card\">\n\t\t\t\t<a class=\"elementor-post__thumbnail__link\" href=\"https:\/\/cotes-orbe.ch\/de\/%f0%9f%93%b0-un-gamay-des-cotes-de-lorbe-selectionne-pour-le-conseil-detat-vaudois-2026\/\" tabindex=\"-1\" target=\"_blank\"><div class=\"elementor-post__thumbnail\"><img loading=\"lazy\" decoding=\"async\" width=\"225\" height=\"300\" src=\"https:\/\/cotes-orbe.ch\/wp-content\/uploads\/2025\/12\/IMG_2898-1-225x300.jpg\" class=\"attachment-medium size-medium wp-image-1481\" alt=\"\" srcset=\"https:\/\/cotes-orbe.ch\/wp-content\/uploads\/2025\/12\/IMG_2898-1-225x300.jpg 225w, https:\/\/cotes-orbe.ch\/wp-content\/uploads\/2025\/12\/IMG_2898-1-768x1024.jpg 768w, https:\/\/cotes-orbe.ch\/wp-content\/uploads\/2025\/12\/IMG_2898-1-1152x1536.jpg 1152w, https:\/\/cotes-orbe.ch\/wp-content\/uploads\/2025\/12\/IMG_2898-1-1536x2048.jpg 1536w, https:\/\/cotes-orbe.ch\/wp-content\/uploads\/2025\/12\/IMG_2898-1-9x12.jpg 9w, https:\/\/cotes-orbe.ch\/wp-content\/uploads\/2025\/12\/IMG_2898-1-scaled.jpg 1920w\" sizes=\"(max-width: 225px) 100vw, 225px\" \/><\/div><\/a>\n\t\t\t\t<div class=\"elementor-post__text\">\n\t\t\t\t<h2 class=\"elementor-post__title\">\n\t\t\t<a href=\"https:\/\/cotes-orbe.ch\/de\/%f0%9f%93%b0-un-gamay-des-cotes-de-lorbe-selectionne-pour-le-conseil-detat-vaudois-2026\/\" target=\"&quot;_blank&quot;\">\n\t\t\t\t\ud83d\udcf0 Ein Gamay aus der C\u00f4tes de l&#039;Orbe wurde f\u00fcr den Waadtl\u00e4nder Staatsrat 2026 ausgew\u00e4hlt\t\t\t<\/a>\n\t\t<\/h2>\n\t\t\n\t\t<a class=\"elementor-post__read-more\" href=\"https:\/\/cotes-orbe.ch\/de\/%f0%9f%93%b0-un-gamay-des-cotes-de-lorbe-selectionne-pour-le-conseil-detat-vaudois-2026\/\" aria-label=\"Lesen Sie mehr \u00fcber \ud83d\udcf0 einen Gamay aus der C\u00f4tes de l&#039;Orbe, der f\u00fcr den Waadtl\u00e4nder Staatsrat 2026 ausgew\u00e4hlt wurde\" tabindex=\"-1\" target=\"_blank\">\n\t\t\tMehr lesen &quot;\t\t<\/a>\n\n\t\t\t\t<\/div>\n\t\t\t\t\t<\/div>\n\t\t<\/article>\n\t\t\t\t<article class=\"elementor-post elementor-grid-item post-1492 post type-post status-publish format-standard has-post-thumbnail hentry category-uncategorized\">\n\t\t\t<div class=\"elementor-post__card\">\n\t\t\t\t<a class=\"elementor-post__thumbnail__link\" href=\"https:\/\/cotes-orbe.ch\/de\/deux-caves-des-cotes-de-lorbe-primees-au-trophee-escargot-2025\/\" tabindex=\"-1\" target=\"_blank\"><div class=\"elementor-post__thumbnail\"><img loading=\"lazy\" decoding=\"async\" width=\"225\" height=\"300\" src=\"https:\/\/cotes-orbe.ch\/wp-content\/uploads\/2026\/01\/Bouteilles-225x300.png\" class=\"attachment-medium size-medium wp-image-1497\" alt=\"\" srcset=\"https:\/\/cotes-orbe.ch\/wp-content\/uploads\/2026\/01\/Bouteilles-225x300.png 225w, https:\/\/cotes-orbe.ch\/wp-content\/uploads\/2026\/01\/Bouteilles-768x1023.png 768w, https:\/\/cotes-orbe.ch\/wp-content\/uploads\/2026\/01\/Bouteilles-9x12.png 9w, https:\/\/cotes-orbe.ch\/wp-content\/uploads\/2026\/01\/Bouteilles.png 773w\" sizes=\"(max-width: 225px) 100vw, 225px\" \/><\/div><\/a>\n\t\t\t\t<div class=\"elementor-post__text\">\n\t\t\t\t<h2 class=\"elementor-post__title\">\n\t\t\t<a href=\"https:\/\/cotes-orbe.ch\/de\/deux-caves-des-cotes-de-lorbe-primees-au-trophee-escargot-2025\/\" target=\"&quot;_blank&quot;\">\n\t\t\t\tZwei Weing\u00fcter aus der Region C\u00f4tes de l&#039;Orbe wurden bei der Escargot Trophy 2025 ausgezeichnet.\t\t\t<\/a>\n\t\t<\/h2>\n\t\t\n\t\t<a class=\"elementor-post__read-more\" href=\"https:\/\/cotes-orbe.ch\/de\/deux-caves-des-cotes-de-lorbe-primees-au-trophee-escargot-2025\/\" aria-label=\"Lesen Sie mehr \u00fcber zwei Weing\u00fcter aus der Region C\u00f4tes de l&#039;Orbe, die bei der Escargot Trophy 2025 ausgezeichnet wurden.\" tabindex=\"-1\" target=\"_blank\">\n\t\t\tMehr lesen &quot;\t\t<\/a>\n\n\t\t\t\t<\/div>\n\t\t\t\t\t<\/div>\n\t\t<\/article>\n\t\t\t\t<article class=\"elementor-post elementor-grid-item post-1453 post type-post status-publish format-standard has-post-thumbnail hentry category-uncategorized\">\n\t\t\t<div class=\"elementor-post__card\">\n\t\t\t\t<a class=\"elementor-post__thumbnail__link\" href=\"https:\/\/cotes-orbe.ch\/de\/vins-en-fetes-des-appellations-bonvillars-et-cotes-de-lorbe\/\" tabindex=\"-1\" target=\"_blank\"><div class=\"elementor-post__thumbnail\"><img loading=\"lazy\" decoding=\"async\" width=\"210\" height=\"300\" src=\"https:\/\/cotes-orbe.ch\/wp-content\/uploads\/2025\/11\/Capture-decran-2025-11-03-a-09.51.38-210x300.png\" class=\"attachment-medium size-medium wp-image-1454\" alt=\"\" srcset=\"https:\/\/cotes-orbe.ch\/wp-content\/uploads\/2025\/11\/Capture-decran-2025-11-03-a-09.51.38-210x300.png 210w, https:\/\/cotes-orbe.ch\/wp-content\/uploads\/2025\/11\/Capture-decran-2025-11-03-a-09.51.38-8x12.png 8w, https:\/\/cotes-orbe.ch\/wp-content\/uploads\/2025\/11\/Capture-decran-2025-11-03-a-09.51.38.png 618w\" sizes=\"(max-width: 210px) 100vw, 210px\" \/><\/div><\/a>\n\t\t\t\t<div class=\"elementor-post__text\">\n\t\t\t\t<h2 class=\"elementor-post__title\">\n\t\t\t<a href=\"https:\/\/cotes-orbe.ch\/de\/vins-en-fetes-des-appellations-bonvillars-et-cotes-de-lorbe\/\" target=\"&quot;_blank&quot;\">\n\t\t\t\tWeinfestival der Appellationen Bonvillars und C\u00f4tes de l&#039;Orbe\u00a0\t\t\t<\/a>\n\t\t<\/h2>\n\t\t\n\t\t<a class=\"elementor-post__read-more\" href=\"https:\/\/cotes-orbe.ch\/de\/vins-en-fetes-des-appellations-bonvillars-et-cotes-de-lorbe\/\" aria-label=\"Lesen Sie mehr \u00fcber die Weine des Festivals der Bonvillars und der Appellationen C\u00d4TES de l&#039;Orbe.\u00a0\" tabindex=\"-1\" target=\"_blank\">\n\t\t\tMehr lesen &quot;\t\t<\/a>\n\n\t\t\t\t<\/div>\n\t\t\t\t\t<\/div>\n\t\t<\/article>\n\t\t\t\t<\/div>\n\t\t\n\t\t\t\t<div class=\"e-load-more-anchor\" data-page=\"1\" data-max-page=\"2\" data-next-page=\"https:\/\/cotes-orbe.ch\/de\/wp-json\/wp\/v2\/pages\/1029\/page\/2\/\"><\/div>\n\t\t\t\t<nav class=\"elementor-pagination\" aria-label=\"Paging\">\n\t\t\t<span class=\"page-numbers prev\">&quot; Vorherige<\/span>\n<a class=\"page-numbers next\" href=\"https:\/\/cotes-orbe.ch\/de\/wp-json\/wp\/v2\/pages\/1029\/page\/2\/\">Im Anschluss an &quot;<\/a>\t\t<\/nav>\n\t\t\t\t\t\t<\/div>\n\t\t\t\t<\/div>\n\t\t\t\t\t<\/div>\n\t\t\t\t<\/div>\n\t\t\t\t<\/div>","protected":false},"excerpt":{"rendered":"","protected":false},"author":1,"featured_media":0,"parent":0,"menu_order":0,"comment_status":"closed","ping_status":"closed","template":"elementor_header_footer","meta":{"footnotes":""},"class_list":["post-1029","page","type-page","status-publish","hentry"],"_links":{"self":[{"href":"https:\/\/cotes-orbe.ch\/de\/wp-json\/wp\/v2\/pages\/1029","targetHints":{"allow":["GET"]}}],"collection":[{"href":"https:\/\/cotes-orbe.ch\/de\/wp-json\/wp\/v2\/pages"}],"about":[{"href":"https:\/\/cotes-orbe.ch\/de\/wp-json\/wp\/v2\/types\/page"}],"author":[{"embeddable":true,"href":"https:\/\/cotes-orbe.ch\/de\/wp-json\/wp\/v2\/users\/1"}],"replies":[{"embeddable":true,"href":"https:\/\/cotes-orbe.ch\/de\/wp-json\/wp\/v2\/comments?post=1029"}],"version-history":[{"count":4,"href":"https:\/\/cotes-orbe.ch\/de\/wp-json\/wp\/v2\/pages\/1029\/revisions"}],"predecessor-version":[{"id":1033,"href":"https:\/\/cotes-orbe.ch\/de\/wp-json\/wp\/v2\/pages\/1029\/revisions\/1033"}],"wp:attachment":[{"href":"https:\/\/cotes-orbe.ch\/de\/wp-json\/wp\/v2\/media?parent=1029"}],"curies":[{"name":"wp","href":"https:\/\/api.w.org\/{rel}","templated":true}]}}